{"id":114057,"date":"2023-07-11T00:00:00","date_gmt":"2023-07-11T00:00:00","guid":{"rendered":"https:\/\/www.captain-lax.com\/bike_proflex_max_lacrosse_cup_bacu01_adult-2\/"},"modified":"2023-08-08T09:15:51","modified_gmt":"2023-08-08T09:15:51","slug":"bike_proflex_max_lacrosse_cup_bacu01_adult-2","status":"publish","type":"product","link":"https:\/\/cl.ge-sporttrade.de\/en\/bike_proflex_max_lacrosse_cup_bacu01_adult-2\/","title":{"rendered":"Bike Proflex Max Lacrosse Cup"},"content":{"rendered":"<p>The <b>Bike Proflex Max Lacrosse Cup<\/b> provides the new WAVE shape that was structurally engineered to prevent cracking, while providing ultimate ventilation. The kinetic properties of the WAVE design allow for the cup to move with the body of the player and enable him to perform at his peak. The continuous soft edge design aligns perfectly with the athletes body and creates the best protection while providing maximum mobility and comfort. The Material is antibacterial and the Cup is CE approved (Certification No.: 3279, Approved in accordance with classification EN 13277-1:2000 and EN 13277-5:2000).<\/p>\n<p>Advantages of the <b>Bike Proflex Max Cup Lacrosse<\/b>:<\/p>\n<ul>\n<li>new WAVE shape of the cup was structurally engineered to prevent cracking, while providing the ultimate in ventilation<\/li>\n<li>kinetic properties of the WAVE design allow the cup to move with the body, and allow you to perform at your peak<\/li>\n<li>Continuous soft edge design aligns perfectly with the athlete&#8217;s body creating the most protection while providing maximum mobility and comfort<\/li>\n<li>antibacterial material<\/li>\n<li>CE approved (Certification No.: 3279, Approved in accordance with classification EN 13277-1:2000 and EN 13277-5:2000)<\/li>\n<\/ul>\n","protected":false},"excerpt":{"rendered":"<p>The Bike Proflex Max Lacrosse Cup provides the new WAVE shape that was structurally engineered to prevent cracking, while providing ultimate ventilation. The kinetic properties of the WAVE design allow for the cup to move with the body of the player and enable him to perform at his peak. The [&hellip;]<\/p>\n","protected":false},"featured_media":244245,"template":"","meta":[],"pwb-brand":[14940],"product_brand":[],"product_cat":[5351,5319,5337],"product_tag":[],"class_list":{"0":"post-114057","1":"product","2":"type-product","3":"status-publish","4":"has-post-thumbnail","6":"pwb-brand-bike","7":"product_cat-lax_protection_jocks_supporters_men_en_GB","8":"product_cat-mens_lacrosse_en_US","9":"product_cat-lax_protection_men_en_US","10":"pa_lax_filter_groessenfamilie-one_size_en_gb","11":"pa_woosap_zolltarifnummer-9506-9190-000-en","13":"first","14":"instock","15":"taxable","16":"shipping-taxable","17":"purchasable","18":"product-type-variable"},"yoast_head":"<!-- This site is optimized with the Yoast SEO plugin v27.2 - https:\/\/yoast.com\/product\/yoast-seo-wordpress\/ -->\n<title>Bike Proflex Max Lacrosse Cup - Captain-Lax - The European Lacrosse Shop<\/title>\n<meta name=\"description\" content=\"Bike Proflex Max Cup Lacrosse - Der Bike Proflex Max Cup Lacrosse verf\u00fcgt \u00fcber die New Wave Form um Br\u00fcche zu verhindern und gew\u00e4hrleistet eine gute Atmungsakti...\" \/>\n<meta name=\"robots\" content=\"noindex, follow, max-snippet:-1, max-image-preview:large, max-video-preview:-1\" \/>\n<meta property=\"og:locale\" content=\"en_US\" \/>\n<meta property=\"og:type\" content=\"article\" \/>\n<meta property=\"og:title\" content=\"Bike Proflex Max Lacrosse Cup - Captain-Lax - The European Lacrosse Shop\" \/>\n<meta property=\"og:description\" content=\"Bike Proflex Max Cup Lacrosse - Der Bike Proflex Max Cup Lacrosse verf\u00fcgt \u00fcber die New Wave Form um Br\u00fcche zu verhindern und gew\u00e4hrleistet eine gute Atmungsakti...\" \/>\n<meta property=\"og:url\" content=\"https:\/\/cl.ge-sporttrade.de\/en\/bike_proflex_max_lacrosse_cup_bacu01_adult-2\/\" \/>\n<meta property=\"og:site_name\" content=\"Captain-Lax - The European Lacrosse Shop\" \/>\n<meta property=\"article:modified_time\" content=\"2023-08-08T09:15:51+00:00\" \/>\n<meta property=\"og:image\" content=\"https:\/\/cl.ge-sporttrade.de\/wp-content\/uploads\/2023\/07\/c5f377f216e8f854ead42766e72d9481ad3ac14b_bike_proflex_max_cup_lacrosse_1402_0.jpg\" \/>\n\t<meta property=\"og:image:width\" content=\"1250\" \/>\n\t<meta property=\"og:image:height\" content=\"1250\" \/>\n\t<meta property=\"og:image:type\" content=\"image\/jpeg\" \/>\n<meta name=\"twitter:card\" content=\"summary_large_image\" \/>\n<meta name=\"twitter:label1\" content=\"Est. reading time\" \/>\n\t<meta name=\"twitter:data1\" content=\"1 minute\" \/>\n<script type=\"application\/ld+json\" class=\"yoast-schema-graph\">{\"@context\":\"https:\/\/schema.org\",\"@graph\":[{\"@type\":\"WebPage\",\"@id\":\"https:\/\/cl.ge-sporttrade.de\/en\/bike_proflex_max_lacrosse_cup_bacu01_adult-2\/\",\"url\":\"https:\/\/cl.ge-sporttrade.de\/en\/bike_proflex_max_lacrosse_cup_bacu01_adult-2\/\",\"name\":\"Bike Proflex Max Lacrosse Cup - Captain-Lax - The European Lacrosse Shop\",\"isPartOf\":{\"@id\":\"https:\/\/cl.ge-sporttrade.de\/#website\"},\"primaryImageOfPage\":{\"@id\":\"https:\/\/cl.ge-sporttrade.de\/en\/bike_proflex_max_lacrosse_cup_bacu01_adult-2\/#primaryimage\"},\"image\":{\"@id\":\"https:\/\/cl.ge-sporttrade.de\/en\/bike_proflex_max_lacrosse_cup_bacu01_adult-2\/#primaryimage\"},\"thumbnailUrl\":\"https:\/\/cl.ge-sporttrade.de\/wp-content\/uploads\/2023\/07\/c5f377f216e8f854ead42766e72d9481ad3ac14b_bike_proflex_max_cup_lacrosse_1402_0.jpg\",\"datePublished\":\"2023-07-11T00:00:00+00:00\",\"dateModified\":\"2023-08-08T09:15:51+00:00\",\"description\":\"Bike Proflex Max Cup Lacrosse - Der Bike Proflex Max Cup Lacrosse verf\u00fcgt \u00fcber die New Wave Form um Br\u00fcche zu verhindern und gew\u00e4hrleistet eine gute Atmungsakti...\",\"breadcrumb\":{\"@id\":\"https:\/\/cl.ge-sporttrade.de\/en\/bike_proflex_max_lacrosse_cup_bacu01_adult-2\/#breadcrumb\"},\"inLanguage\":\"en-US\",\"potentialAction\":[{\"@type\":\"ReadAction\",\"target\":[\"https:\/\/cl.ge-sporttrade.de\/en\/bike_proflex_max_lacrosse_cup_bacu01_adult-2\/\"]}]},{\"@type\":\"ImageObject\",\"inLanguage\":\"en-US\",\"@id\":\"https:\/\/cl.ge-sporttrade.de\/en\/bike_proflex_max_lacrosse_cup_bacu01_adult-2\/#primaryimage\",\"url\":\"https:\/\/cl.ge-sporttrade.de\/wp-content\/uploads\/2023\/07\/c5f377f216e8f854ead42766e72d9481ad3ac14b_bike_proflex_max_cup_lacrosse_1402_0.jpg\",\"contentUrl\":\"https:\/\/cl.ge-sporttrade.de\/wp-content\/uploads\/2023\/07\/c5f377f216e8f854ead42766e72d9481ad3ac14b_bike_proflex_max_cup_lacrosse_1402_0.jpg\",\"width\":1250,\"height\":1250},{\"@type\":\"BreadcrumbList\",\"@id\":\"https:\/\/cl.ge-sporttrade.de\/en\/bike_proflex_max_lacrosse_cup_bacu01_adult-2\/#breadcrumb\",\"itemListElement\":[{\"@type\":\"ListItem\",\"position\":1,\"name\":\"Homepage\",\"item\":\"https:\/\/cl.ge-sporttrade.de\/en\/home-page\/\"},{\"@type\":\"ListItem\",\"position\":2,\"name\":\"Shop\",\"item\":\"https:\/\/cl.ge-sporttrade.de\/en\/shop\/\"},{\"@type\":\"ListItem\",\"position\":3,\"name\":\"Bike Proflex Max Lacrosse Cup\"}]},{\"@type\":\"WebSite\",\"@id\":\"https:\/\/cl.ge-sporttrade.de\/#website\",\"url\":\"https:\/\/cl.ge-sporttrade.de\/\",\"name\":\"Captain-Lax - The European Lacrosse Shop\",\"description\":\"Warrior Lacrosse, Harrow, Brine, Bike - captain-lax.com\",\"potentialAction\":[{\"@type\":\"SearchAction\",\"target\":{\"@type\":\"EntryPoint\",\"urlTemplate\":\"https:\/\/cl.ge-sporttrade.de\/?s={search_term_string}\"},\"query-input\":{\"@type\":\"PropertyValueSpecification\",\"valueRequired\":true,\"valueName\":\"search_term_string\"}}],\"inLanguage\":\"en-US\"}]}<\/script>\n<!-- \/ Yoast SEO plugin. -->","yoast_head_json":{"title":"Bike Proflex Max Lacrosse Cup - Captain-Lax - The European Lacrosse Shop","description":"Bike Proflex Max Cup Lacrosse - Der Bike Proflex Max Cup Lacrosse verf\u00fcgt \u00fcber die New Wave Form um Br\u00fcche zu verhindern und gew\u00e4hrleistet eine gute Atmungsakti...","robots":{"index":"noindex","follow":"follow","max-snippet":"max-snippet:-1","max-image-preview":"max-image-preview:large","max-video-preview":"max-video-preview:-1"},"og_locale":"en_US","og_type":"article","og_title":"Bike Proflex Max Lacrosse Cup - Captain-Lax - The European Lacrosse Shop","og_description":"Bike Proflex Max Cup Lacrosse - Der Bike Proflex Max Cup Lacrosse verf\u00fcgt \u00fcber die New Wave Form um Br\u00fcche zu verhindern und gew\u00e4hrleistet eine gute Atmungsakti...","og_url":"https:\/\/cl.ge-sporttrade.de\/en\/bike_proflex_max_lacrosse_cup_bacu01_adult-2\/","og_site_name":"Captain-Lax - The European Lacrosse Shop","article_modified_time":"2023-08-08T09:15:51+00:00","og_image":[{"width":1250,"height":1250,"url":"https:\/\/cl.ge-sporttrade.de\/wp-content\/uploads\/2023\/07\/c5f377f216e8f854ead42766e72d9481ad3ac14b_bike_proflex_max_cup_lacrosse_1402_0.jpg","type":"image\/jpeg"}],"twitter_card":"summary_large_image","twitter_misc":{"Est. reading time":"1 minute"},"schema":{"@context":"https:\/\/schema.org","@graph":[{"@type":"WebPage","@id":"https:\/\/cl.ge-sporttrade.de\/en\/bike_proflex_max_lacrosse_cup_bacu01_adult-2\/","url":"https:\/\/cl.ge-sporttrade.de\/en\/bike_proflex_max_lacrosse_cup_bacu01_adult-2\/","name":"Bike Proflex Max Lacrosse Cup - Captain-Lax - The European Lacrosse Shop","isPartOf":{"@id":"https:\/\/cl.ge-sporttrade.de\/#website"},"primaryImageOfPage":{"@id":"https:\/\/cl.ge-sporttrade.de\/en\/bike_proflex_max_lacrosse_cup_bacu01_adult-2\/#primaryimage"},"image":{"@id":"https:\/\/cl.ge-sporttrade.de\/en\/bike_proflex_max_lacrosse_cup_bacu01_adult-2\/#primaryimage"},"thumbnailUrl":"https:\/\/cl.ge-sporttrade.de\/wp-content\/uploads\/2023\/07\/c5f377f216e8f854ead42766e72d9481ad3ac14b_bike_proflex_max_cup_lacrosse_1402_0.jpg","datePublished":"2023-07-11T00:00:00+00:00","dateModified":"2023-08-08T09:15:51+00:00","description":"Bike Proflex Max Cup Lacrosse - Der Bike Proflex Max Cup Lacrosse verf\u00fcgt \u00fcber die New Wave Form um Br\u00fcche zu verhindern und gew\u00e4hrleistet eine gute Atmungsakti...","breadcrumb":{"@id":"https:\/\/cl.ge-sporttrade.de\/en\/bike_proflex_max_lacrosse_cup_bacu01_adult-2\/#breadcrumb"},"inLanguage":"en-US","potentialAction":[{"@type":"ReadAction","target":["https:\/\/cl.ge-sporttrade.de\/en\/bike_proflex_max_lacrosse_cup_bacu01_adult-2\/"]}]},{"@type":"ImageObject","inLanguage":"en-US","@id":"https:\/\/cl.ge-sporttrade.de\/en\/bike_proflex_max_lacrosse_cup_bacu01_adult-2\/#primaryimage","url":"https:\/\/cl.ge-sporttrade.de\/wp-content\/uploads\/2023\/07\/c5f377f216e8f854ead42766e72d9481ad3ac14b_bike_proflex_max_cup_lacrosse_1402_0.jpg","contentUrl":"https:\/\/cl.ge-sporttrade.de\/wp-content\/uploads\/2023\/07\/c5f377f216e8f854ead42766e72d9481ad3ac14b_bike_proflex_max_cup_lacrosse_1402_0.jpg","width":1250,"height":1250},{"@type":"BreadcrumbList","@id":"https:\/\/cl.ge-sporttrade.de\/en\/bike_proflex_max_lacrosse_cup_bacu01_adult-2\/#breadcrumb","itemListElement":[{"@type":"ListItem","position":1,"name":"Homepage","item":"https:\/\/cl.ge-sporttrade.de\/en\/home-page\/"},{"@type":"ListItem","position":2,"name":"Shop","item":"https:\/\/cl.ge-sporttrade.de\/en\/shop\/"},{"@type":"ListItem","position":3,"name":"Bike Proflex Max Lacrosse Cup"}]},{"@type":"WebSite","@id":"https:\/\/cl.ge-sporttrade.de\/#website","url":"https:\/\/cl.ge-sporttrade.de\/","name":"Captain-Lax - The European Lacrosse Shop","description":"Warrior Lacrosse, Harrow, Brine, Bike - captain-lax.com","potentialAction":[{"@type":"SearchAction","target":{"@type":"EntryPoint","urlTemplate":"https:\/\/cl.ge-sporttrade.de\/?s={search_term_string}"},"query-input":{"@type":"PropertyValueSpecification","valueRequired":true,"valueName":"search_term_string"}}],"inLanguage":"en-US"}]}},"brands":[{"id":14940,"name":"BIKE","slug":"bike"}],"_links":{"self":[{"href":"https:\/\/cl.ge-sporttrade.de\/en\/wp-json\/wp\/v2\/product\/114057","targetHints":{"allow":["GET"]}}],"collection":[{"href":"https:\/\/cl.ge-sporttrade.de\/en\/wp-json\/wp\/v2\/product"}],"about":[{"href":"https:\/\/cl.ge-sporttrade.de\/en\/wp-json\/wp\/v2\/types\/product"}],"wp:featuredmedia":[{"embeddable":true,"href":"https:\/\/cl.ge-sporttrade.de\/en\/wp-json\/wp\/v2\/media\/244245"}],"wp:attachment":[{"href":"https:\/\/cl.ge-sporttrade.de\/en\/wp-json\/wp\/v2\/media?parent=114057"}],"wp:term":[{"taxonomy":"pwb-brand","embeddable":true,"href":"https:\/\/cl.ge-sporttrade.de\/en\/wp-json\/wp\/v2\/pwb-brand?post=114057"},{"taxonomy":"product_brand","embeddable":true,"href":"https:\/\/cl.ge-sporttrade.de\/en\/wp-json\/wp\/v2\/product_brand?post=114057"},{"taxonomy":"product_cat","embeddable":true,"href":"https:\/\/cl.ge-sporttrade.de\/en\/wp-json\/wp\/v2\/product_cat?post=114057"},{"taxonomy":"product_tag","embeddable":true,"href":"https:\/\/cl.ge-sporttrade.de\/en\/wp-json\/wp\/v2\/product_tag?post=114057"}],"curies":[{"name":"wp","href":"https:\/\/api.w.org\/{rel}","templated":true}]}}