{"id":175522,"date":"2023-04-28T00:00:00","date_gmt":"2023-04-28T00:00:00","guid":{"rendered":"https:\/\/www.captain-lax.com\/en\/new_balance_freeze_v4_junior_cleat_shoes_onb-freezj4-m\/"},"modified":"2025-04-14T07:16:30","modified_gmt":"2025-04-14T07:16:30","slug":"new_balance_freeze_v4_junior_cleat_shoes_onb-freezj4-m","status":"publish","type":"product","link":"https:\/\/cl.ge-sporttrade.de\/en\/new_balance_freeze_v4_junior_cleat_shoes_onb-freezj4-m\/","title":{"rendered":"New Balance Freeze V4 Junior Cleat Shoes"},"content":{"rendered":"<p>The <strong>New Balance Freeze V4 Junior Lacrosse Shoes<\/strong> are made for fast players. The classic rear cap ensures easy entry. The surface consists of a mesh that is zonally inserted. This provides additional protection for the toes and sufficient breathability.<\/p>\n<p>The <strong>New Balance Shoes are US Men size<\/strong>. For woman size and width information please check our <a href=\"#nb-size-popup-en\"><strong>sizing chart<\/strong><\/a>.<\/p>\n<p>Advantages of the <strong>New Balance Freeze V4 Junior Lacrosse Shoes<\/strong>:<\/p>\n<ul>\n<li>Easy entry<\/li>\n<li>With classic laces<\/li>\n<li>Surface with mesh<\/li>\n<li>Additional protection on toes<\/li>\n<li>Breathable<\/li>\n<li>Unisex<\/li>\n<\/ul>\n","protected":false},"excerpt":{"rendered":"<p>The New Balance Freeze V4 Junior Lacrosse Shoes are made for fast players. The classic rear cap ensures easy entry. The surface consists of a mesh that is zonally inserted. This provides additional protection for the toes and sufficient breathability. The New Balance Shoes are US Men size. For woman [&hellip;]<\/p>\n","protected":false},"featured_media":220425,"template":"","meta":[],"pwb-brand":[],"product_brand":[],"product_cat":[5409,5419,5405,5407,5417],"product_tag":[],"class_list":{"0":"post-175522","1":"product","2":"type-product","3":"status-publish","4":"has-post-thumbnail","6":"product_cat-lax_footwear_cleats_men_en_US","7":"product_cat-lax_footwear_cleats_women_en_US","8":"product_cat-lax_footwear_en_US","9":"product_cat-lax_footwear_men_en_US","10":"product_cat-lax_footwear_women_en_US","11":"pa_lax_filter_groessenfamilie-5_5_en_gb","12":"pa_woosap_zolltarifnummer-6402-1900-000-en","14":"first","15":"instock","16":"taxable","17":"shipping-taxable","18":"purchasable","19":"product-type-variable"},"yoast_head":"<!-- This site is optimized with the Yoast SEO plugin v27.3 - https:\/\/yoast.com\/product\/yoast-seo-wordpress\/ -->\n<title>New Balance Freeze V4 Junior Cleat Shoes - Captain-Lax - The European Lacrosse Shop<\/title>\n<meta name=\"description\" content=\"New Balance Freezev4 Jr Cleat Schuhe - Die New Balance Freezev4 Lacrosse Schuhe sind f\u00fcr schnelle Spieler gemacht. Die klassische Hinterkappe sorgt f\u00fcr einen leichten Einstieg. Die Oberfl\u00e4che...\" \/>\n<meta name=\"robots\" content=\"noindex, follow, max-snippet:-1, max-image-preview:large, max-video-preview:-1\" \/>\n<meta property=\"og:locale\" content=\"en_US\" \/>\n<meta property=\"og:type\" content=\"article\" \/>\n<meta property=\"og:title\" content=\"New Balance Freeze V4 Junior Cleat Shoes - Captain-Lax - The European Lacrosse Shop\" \/>\n<meta property=\"og:description\" content=\"New Balance Freezev4 Jr Cleat Schuhe - Die New Balance Freezev4 Lacrosse Schuhe sind f\u00fcr schnelle Spieler gemacht. Die klassische Hinterkappe sorgt f\u00fcr einen leichten Einstieg. Die Oberfl\u00e4che...\" \/>\n<meta property=\"og:url\" content=\"https:\/\/cl.ge-sporttrade.de\/en\/new_balance_freeze_v4_junior_cleat_shoes_onb-freezj4-m\/\" \/>\n<meta property=\"og:site_name\" content=\"Captain-Lax - The European Lacrosse Shop\" \/>\n<meta property=\"article:modified_time\" content=\"2025-04-14T07:16:30+00:00\" \/>\n<meta property=\"og:image\" content=\"https:\/\/cl.ge-sporttrade.de\/wp-content\/uploads\/2023\/04\/841159f260ff767b1b02f564a2e5b16e301eb9f8_free_jr_1.jpg\" \/>\n\t<meta property=\"og:image:width\" content=\"1250\" \/>\n\t<meta property=\"og:image:height\" content=\"1250\" \/>\n\t<meta property=\"og:image:type\" content=\"image\/jpeg\" \/>\n<meta name=\"twitter:card\" content=\"summary_large_image\" \/>\n<meta name=\"twitter:label1\" content=\"Est. reading time\" \/>\n\t<meta name=\"twitter:data1\" content=\"1 minute\" \/>\n<script type=\"application\/ld+json\" class=\"yoast-schema-graph\">{\"@context\":\"https:\\\/\\\/schema.org\",\"@graph\":[{\"@type\":\"WebPage\",\"@id\":\"https:\\\/\\\/cl.ge-sporttrade.de\\\/en\\\/new_balance_freeze_v4_junior_cleat_shoes_onb-freezj4-m\\\/\",\"url\":\"https:\\\/\\\/cl.ge-sporttrade.de\\\/en\\\/new_balance_freeze_v4_junior_cleat_shoes_onb-freezj4-m\\\/\",\"name\":\"New Balance Freeze V4 Junior Cleat Shoes - Captain-Lax - The European Lacrosse Shop\",\"isPartOf\":{\"@id\":\"https:\\\/\\\/cl.ge-sporttrade.de\\\/#website\"},\"primaryImageOfPage\":{\"@id\":\"https:\\\/\\\/cl.ge-sporttrade.de\\\/en\\\/new_balance_freeze_v4_junior_cleat_shoes_onb-freezj4-m\\\/#primaryimage\"},\"image\":{\"@id\":\"https:\\\/\\\/cl.ge-sporttrade.de\\\/en\\\/new_balance_freeze_v4_junior_cleat_shoes_onb-freezj4-m\\\/#primaryimage\"},\"thumbnailUrl\":\"https:\\\/\\\/cl.ge-sporttrade.de\\\/wp-content\\\/uploads\\\/2023\\\/04\\\/841159f260ff767b1b02f564a2e5b16e301eb9f8_free_jr_1.jpg\",\"datePublished\":\"2023-04-28T00:00:00+00:00\",\"dateModified\":\"2025-04-14T07:16:30+00:00\",\"description\":\"New Balance Freezev4 Jr Cleat Schuhe - Die New Balance Freezev4 Lacrosse Schuhe sind f\u00fcr schnelle Spieler gemacht. Die klassische Hinterkappe sorgt f\u00fcr einen leichten Einstieg. Die Oberfl\u00e4che...\",\"breadcrumb\":{\"@id\":\"https:\\\/\\\/cl.ge-sporttrade.de\\\/en\\\/new_balance_freeze_v4_junior_cleat_shoes_onb-freezj4-m\\\/#breadcrumb\"},\"inLanguage\":\"en-US\",\"potentialAction\":[{\"@type\":\"ReadAction\",\"target\":[\"https:\\\/\\\/cl.ge-sporttrade.de\\\/en\\\/new_balance_freeze_v4_junior_cleat_shoes_onb-freezj4-m\\\/\"]}]},{\"@type\":\"ImageObject\",\"inLanguage\":\"en-US\",\"@id\":\"https:\\\/\\\/cl.ge-sporttrade.de\\\/en\\\/new_balance_freeze_v4_junior_cleat_shoes_onb-freezj4-m\\\/#primaryimage\",\"url\":\"https:\\\/\\\/cl.ge-sporttrade.de\\\/wp-content\\\/uploads\\\/2023\\\/04\\\/841159f260ff767b1b02f564a2e5b16e301eb9f8_free_jr_1.jpg\",\"contentUrl\":\"https:\\\/\\\/cl.ge-sporttrade.de\\\/wp-content\\\/uploads\\\/2023\\\/04\\\/841159f260ff767b1b02f564a2e5b16e301eb9f8_free_jr_1.jpg\",\"width\":1250,\"height\":1250},{\"@type\":\"BreadcrumbList\",\"@id\":\"https:\\\/\\\/cl.ge-sporttrade.de\\\/en\\\/new_balance_freeze_v4_junior_cleat_shoes_onb-freezj4-m\\\/#breadcrumb\",\"itemListElement\":[{\"@type\":\"ListItem\",\"position\":1,\"name\":\"Homepage\",\"item\":\"https:\\\/\\\/cl.ge-sporttrade.de\\\/en\\\/home-page\\\/\"},{\"@type\":\"ListItem\",\"position\":2,\"name\":\"Shop\",\"item\":\"https:\\\/\\\/cl.ge-sporttrade.de\\\/en\\\/shop\\\/\"},{\"@type\":\"ListItem\",\"position\":3,\"name\":\"New Balance Freeze V4 Junior Cleat Shoes\"}]},{\"@type\":\"WebSite\",\"@id\":\"https:\\\/\\\/cl.ge-sporttrade.de\\\/#website\",\"url\":\"https:\\\/\\\/cl.ge-sporttrade.de\\\/\",\"name\":\"Captain-Lax - The European Lacrosse Shop\",\"description\":\"Warrior Lacrosse, Harrow, Brine, Bike - captain-lax.com\",\"potentialAction\":[{\"@type\":\"SearchAction\",\"target\":{\"@type\":\"EntryPoint\",\"urlTemplate\":\"https:\\\/\\\/cl.ge-sporttrade.de\\\/?s={search_term_string}\"},\"query-input\":{\"@type\":\"PropertyValueSpecification\",\"valueRequired\":true,\"valueName\":\"search_term_string\"}}],\"inLanguage\":\"en-US\"}]}<\/script>\n<!-- \/ Yoast SEO plugin. -->","yoast_head_json":{"title":"New Balance Freeze V4 Junior Cleat Shoes - Captain-Lax - The European Lacrosse Shop","description":"New Balance Freezev4 Jr Cleat Schuhe - Die New Balance Freezev4 Lacrosse Schuhe sind f\u00fcr schnelle Spieler gemacht. Die klassische Hinterkappe sorgt f\u00fcr einen leichten Einstieg. Die Oberfl\u00e4che...","robots":{"index":"noindex","follow":"follow","max-snippet":"max-snippet:-1","max-image-preview":"max-image-preview:large","max-video-preview":"max-video-preview:-1"},"og_locale":"en_US","og_type":"article","og_title":"New Balance Freeze V4 Junior Cleat Shoes - Captain-Lax - The European Lacrosse Shop","og_description":"New Balance Freezev4 Jr Cleat Schuhe - Die New Balance Freezev4 Lacrosse Schuhe sind f\u00fcr schnelle Spieler gemacht. Die klassische Hinterkappe sorgt f\u00fcr einen leichten Einstieg. Die Oberfl\u00e4che...","og_url":"https:\/\/cl.ge-sporttrade.de\/en\/new_balance_freeze_v4_junior_cleat_shoes_onb-freezj4-m\/","og_site_name":"Captain-Lax - The European Lacrosse Shop","article_modified_time":"2025-04-14T07:16:30+00:00","og_image":[{"width":1250,"height":1250,"url":"https:\/\/cl.ge-sporttrade.de\/wp-content\/uploads\/2023\/04\/841159f260ff767b1b02f564a2e5b16e301eb9f8_free_jr_1.jpg","type":"image\/jpeg"}],"twitter_card":"summary_large_image","twitter_misc":{"Est. reading time":"1 minute"},"schema":{"@context":"https:\/\/schema.org","@graph":[{"@type":"WebPage","@id":"https:\/\/cl.ge-sporttrade.de\/en\/new_balance_freeze_v4_junior_cleat_shoes_onb-freezj4-m\/","url":"https:\/\/cl.ge-sporttrade.de\/en\/new_balance_freeze_v4_junior_cleat_shoes_onb-freezj4-m\/","name":"New Balance Freeze V4 Junior Cleat Shoes - Captain-Lax - The European Lacrosse Shop","isPartOf":{"@id":"https:\/\/cl.ge-sporttrade.de\/#website"},"primaryImageOfPage":{"@id":"https:\/\/cl.ge-sporttrade.de\/en\/new_balance_freeze_v4_junior_cleat_shoes_onb-freezj4-m\/#primaryimage"},"image":{"@id":"https:\/\/cl.ge-sporttrade.de\/en\/new_balance_freeze_v4_junior_cleat_shoes_onb-freezj4-m\/#primaryimage"},"thumbnailUrl":"https:\/\/cl.ge-sporttrade.de\/wp-content\/uploads\/2023\/04\/841159f260ff767b1b02f564a2e5b16e301eb9f8_free_jr_1.jpg","datePublished":"2023-04-28T00:00:00+00:00","dateModified":"2025-04-14T07:16:30+00:00","description":"New Balance Freezev4 Jr Cleat Schuhe - Die New Balance Freezev4 Lacrosse Schuhe sind f\u00fcr schnelle Spieler gemacht. Die klassische Hinterkappe sorgt f\u00fcr einen leichten Einstieg. Die Oberfl\u00e4che...","breadcrumb":{"@id":"https:\/\/cl.ge-sporttrade.de\/en\/new_balance_freeze_v4_junior_cleat_shoes_onb-freezj4-m\/#breadcrumb"},"inLanguage":"en-US","potentialAction":[{"@type":"ReadAction","target":["https:\/\/cl.ge-sporttrade.de\/en\/new_balance_freeze_v4_junior_cleat_shoes_onb-freezj4-m\/"]}]},{"@type":"ImageObject","inLanguage":"en-US","@id":"https:\/\/cl.ge-sporttrade.de\/en\/new_balance_freeze_v4_junior_cleat_shoes_onb-freezj4-m\/#primaryimage","url":"https:\/\/cl.ge-sporttrade.de\/wp-content\/uploads\/2023\/04\/841159f260ff767b1b02f564a2e5b16e301eb9f8_free_jr_1.jpg","contentUrl":"https:\/\/cl.ge-sporttrade.de\/wp-content\/uploads\/2023\/04\/841159f260ff767b1b02f564a2e5b16e301eb9f8_free_jr_1.jpg","width":1250,"height":1250},{"@type":"BreadcrumbList","@id":"https:\/\/cl.ge-sporttrade.de\/en\/new_balance_freeze_v4_junior_cleat_shoes_onb-freezj4-m\/#breadcrumb","itemListElement":[{"@type":"ListItem","position":1,"name":"Homepage","item":"https:\/\/cl.ge-sporttrade.de\/en\/home-page\/"},{"@type":"ListItem","position":2,"name":"Shop","item":"https:\/\/cl.ge-sporttrade.de\/en\/shop\/"},{"@type":"ListItem","position":3,"name":"New Balance Freeze V4 Junior Cleat Shoes"}]},{"@type":"WebSite","@id":"https:\/\/cl.ge-sporttrade.de\/#website","url":"https:\/\/cl.ge-sporttrade.de\/","name":"Captain-Lax - The European Lacrosse Shop","description":"Warrior Lacrosse, Harrow, Brine, Bike - captain-lax.com","potentialAction":[{"@type":"SearchAction","target":{"@type":"EntryPoint","urlTemplate":"https:\/\/cl.ge-sporttrade.de\/?s={search_term_string}"},"query-input":{"@type":"PropertyValueSpecification","valueRequired":true,"valueName":"search_term_string"}}],"inLanguage":"en-US"}]}},"brands":[],"_links":{"self":[{"href":"https:\/\/cl.ge-sporttrade.de\/en\/wp-json\/wp\/v2\/product\/175522","targetHints":{"allow":["GET"]}}],"collection":[{"href":"https:\/\/cl.ge-sporttrade.de\/en\/wp-json\/wp\/v2\/product"}],"about":[{"href":"https:\/\/cl.ge-sporttrade.de\/en\/wp-json\/wp\/v2\/types\/product"}],"wp:featuredmedia":[{"embeddable":true,"href":"https:\/\/cl.ge-sporttrade.de\/en\/wp-json\/wp\/v2\/media\/220425"}],"wp:attachment":[{"href":"https:\/\/cl.ge-sporttrade.de\/en\/wp-json\/wp\/v2\/media?parent=175522"}],"wp:term":[{"taxonomy":"pwb-brand","embeddable":true,"href":"https:\/\/cl.ge-sporttrade.de\/en\/wp-json\/wp\/v2\/pwb-brand?post=175522"},{"taxonomy":"product_brand","embeddable":true,"href":"https:\/\/cl.ge-sporttrade.de\/en\/wp-json\/wp\/v2\/product_brand?post=175522"},{"taxonomy":"product_cat","embeddable":true,"href":"https:\/\/cl.ge-sporttrade.de\/en\/wp-json\/wp\/v2\/product_cat?post=175522"},{"taxonomy":"product_tag","embeddable":true,"href":"https:\/\/cl.ge-sporttrade.de\/en\/wp-json\/wp\/v2\/product_tag?post=175522"}],"curies":[{"name":"wp","href":"https:\/\/api.w.org\/{rel}","templated":true}]}}