{"id":30793,"date":"2023-02-23T00:00:00","date_gmt":"2023-02-23T00:00:00","guid":{"rendered":""},"modified":"2023-08-08T09:19:57","modified_gmt":"2023-08-08T09:19:57","slug":"maverik_lock_lacrosse_head_untrung_oml-lock-3002","status":"publish","type":"product","link":"https:\/\/cl.ge-sporttrade.de\/en\/maverik_lock_lacrosse_head_untrung_oml-lock-3002\/","title":{"rendered":"Maverik Lock Lacrosse Head Untrung"},"content":{"rendered":"<p>The <b>Maverik Lock Lacrosse Head Unstrung<\/b> is especially designed for the elite faceoff specialist.<\/p>\n<p>Advantages of the <b>Maverik Lock Lacrosse Head Unstrung:<\/b><\/p>\n<ul>\n<li>Lightweight construction enables a quick hand movement<\/li>\n<li>FlexRail technology offers predictive flex in the same spot all season long<\/li>\n<li>Used by the 2018 MLL Champion, MAX ADDLER from the Denver Outlaws<\/li>\n<li>DURAFLEX material ensures consistency and brings the head back to its original shape<\/li>\n<li>Perfectly designed scoop angle, which was specially developed for the simple scooping of ground balls<\/li>\n<li>TENSION LOCK enables high accuracy when shooting.<\/li>\n<li>A shortened throat keeps the hands closer to the ball and improves leverage<\/li>\n<li>Level 2 Bottom Rail &#8211; Developed for a mid-pocket, which offers the perfect mix of power and accuracy<\/li>\n<\/ul>\n","protected":false},"excerpt":{"rendered":"<p>The Maverik Lock Lacrosse Head Unstrung is especially designed for the elite faceoff specialist. Advantages of the Maverik Lock Lacrosse Head Unstrung: Lightweight construction enables a quick hand movement FlexRail technology offers predictive flex in the same spot all season long Used by the 2018 MLL Champion, MAX ADDLER from [&hellip;]<\/p>\n","protected":false},"featured_media":90086,"template":"","meta":[],"pwb-brand":[14954],"product_brand":[],"product_cat":[5319,5321,5329],"product_tag":[],"class_list":{"0":"post-30793","1":"product","2":"type-product","3":"status-publish","4":"has-post-thumbnail","6":"pwb-brand-maverik","7":"product_cat-mens_lacrosse_en_US","8":"product_cat-lax_sticks_men_en_US","9":"product_cat-lax_unstrung_heads_men_en_US","10":"pa_woosap_zolltarifnummer-9506-9190-000-en","12":"first","13":"instock","14":"taxable","15":"shipping-taxable","16":"purchasable","17":"product-type-variable"},"yoast_head":"<!-- This site is optimized with the Yoast SEO plugin v27.2 - https:\/\/yoast.com\/product\/yoast-seo-wordpress\/ -->\n<title>Maverik Lock Lacrosse Head Untrung - Captain-Lax - The European Lacrosse Shop<\/title>\n<meta name=\"description\" content=\"Maverik Lock Lacrosse Schl\u00e4gerkopf Unstrung - Der Maverik Lock Lacrosse Schl\u00e4gerkopf Unstrung ist f\u00fcr den Elite-Faceoff-Spezialisten konzipiert.Vorteile des Maverik Lock ...\" \/>\n<meta name=\"robots\" content=\"noindex, follow, max-snippet:-1, max-image-preview:large, max-video-preview:-1\" \/>\n<meta property=\"og:locale\" content=\"en_US\" \/>\n<meta property=\"og:type\" content=\"article\" \/>\n<meta property=\"og:title\" content=\"Maverik Lock Lacrosse Head Untrung - Captain-Lax - The European Lacrosse Shop\" \/>\n<meta property=\"og:description\" content=\"Maverik Lock Lacrosse Schl\u00e4gerkopf Unstrung - Der Maverik Lock Lacrosse Schl\u00e4gerkopf Unstrung ist f\u00fcr den Elite-Faceoff-Spezialisten konzipiert.Vorteile des Maverik Lock ...\" \/>\n<meta property=\"og:url\" content=\"https:\/\/cl.ge-sporttrade.de\/en\/maverik_lock_lacrosse_head_untrung_oml-lock-3002\/\" \/>\n<meta property=\"og:site_name\" content=\"Captain-Lax - The European Lacrosse Shop\" \/>\n<meta property=\"article:modified_time\" content=\"2023-08-08T09:19:57+00:00\" \/>\n<meta property=\"og:image\" content=\"https:\/\/cl.ge-sporttrade.de\/wp-content\/uploads\/2023\/02\/c22d5ef090041350fb4e49d59bdc5f50f87e824d_ML_Lock_3002702_GR.jpg\" \/>\n\t<meta property=\"og:image:width\" content=\"1250\" \/>\n\t<meta property=\"og:image:height\" content=\"1250\" \/>\n\t<meta property=\"og:image:type\" content=\"image\/jpeg\" \/>\n<meta name=\"twitter:card\" content=\"summary_large_image\" \/>\n<meta name=\"twitter:label1\" content=\"Est. reading time\" \/>\n\t<meta name=\"twitter:data1\" content=\"1 minute\" \/>\n<script type=\"application\/ld+json\" class=\"yoast-schema-graph\">{\"@context\":\"https:\/\/schema.org\",\"@graph\":[{\"@type\":\"WebPage\",\"@id\":\"https:\/\/cl.ge-sporttrade.de\/en\/maverik_lock_lacrosse_head_untrung_oml-lock-3002\/\",\"url\":\"https:\/\/cl.ge-sporttrade.de\/en\/maverik_lock_lacrosse_head_untrung_oml-lock-3002\/\",\"name\":\"Maverik Lock Lacrosse Head Untrung - Captain-Lax - The European Lacrosse Shop\",\"isPartOf\":{\"@id\":\"https:\/\/cl.ge-sporttrade.de\/#website\"},\"primaryImageOfPage\":{\"@id\":\"https:\/\/cl.ge-sporttrade.de\/en\/maverik_lock_lacrosse_head_untrung_oml-lock-3002\/#primaryimage\"},\"image\":{\"@id\":\"https:\/\/cl.ge-sporttrade.de\/en\/maverik_lock_lacrosse_head_untrung_oml-lock-3002\/#primaryimage\"},\"thumbnailUrl\":\"https:\/\/cl.ge-sporttrade.de\/wp-content\/uploads\/2023\/02\/c22d5ef090041350fb4e49d59bdc5f50f87e824d_ML_Lock_3002702_GR.jpg\",\"datePublished\":\"2023-02-23T00:00:00+00:00\",\"dateModified\":\"2023-08-08T09:19:57+00:00\",\"description\":\"Maverik Lock Lacrosse Schl\u00e4gerkopf Unstrung - Der Maverik Lock Lacrosse Schl\u00e4gerkopf Unstrung ist f\u00fcr den Elite-Faceoff-Spezialisten konzipiert.Vorteile des Maverik Lock ...\",\"breadcrumb\":{\"@id\":\"https:\/\/cl.ge-sporttrade.de\/en\/maverik_lock_lacrosse_head_untrung_oml-lock-3002\/#breadcrumb\"},\"inLanguage\":\"en-US\",\"potentialAction\":[{\"@type\":\"ReadAction\",\"target\":[\"https:\/\/cl.ge-sporttrade.de\/en\/maverik_lock_lacrosse_head_untrung_oml-lock-3002\/\"]}]},{\"@type\":\"ImageObject\",\"inLanguage\":\"en-US\",\"@id\":\"https:\/\/cl.ge-sporttrade.de\/en\/maverik_lock_lacrosse_head_untrung_oml-lock-3002\/#primaryimage\",\"url\":\"https:\/\/cl.ge-sporttrade.de\/wp-content\/uploads\/2023\/02\/c22d5ef090041350fb4e49d59bdc5f50f87e824d_ML_Lock_3002702_GR.jpg\",\"contentUrl\":\"https:\/\/cl.ge-sporttrade.de\/wp-content\/uploads\/2023\/02\/c22d5ef090041350fb4e49d59bdc5f50f87e824d_ML_Lock_3002702_GR.jpg\",\"width\":1250,\"height\":1250},{\"@type\":\"BreadcrumbList\",\"@id\":\"https:\/\/cl.ge-sporttrade.de\/en\/maverik_lock_lacrosse_head_untrung_oml-lock-3002\/#breadcrumb\",\"itemListElement\":[{\"@type\":\"ListItem\",\"position\":1,\"name\":\"Homepage\",\"item\":\"https:\/\/cl.ge-sporttrade.de\/en\/home-page\/\"},{\"@type\":\"ListItem\",\"position\":2,\"name\":\"Shop\",\"item\":\"https:\/\/cl.ge-sporttrade.de\/en\/shop\/\"},{\"@type\":\"ListItem\",\"position\":3,\"name\":\"Maverik Lock Lacrosse Head Untrung\"}]},{\"@type\":\"WebSite\",\"@id\":\"https:\/\/cl.ge-sporttrade.de\/#website\",\"url\":\"https:\/\/cl.ge-sporttrade.de\/\",\"name\":\"Captain-Lax - The European Lacrosse Shop\",\"description\":\"Warrior Lacrosse, Harrow, Brine, Bike - captain-lax.com\",\"potentialAction\":[{\"@type\":\"SearchAction\",\"target\":{\"@type\":\"EntryPoint\",\"urlTemplate\":\"https:\/\/cl.ge-sporttrade.de\/?s={search_term_string}\"},\"query-input\":{\"@type\":\"PropertyValueSpecification\",\"valueRequired\":true,\"valueName\":\"search_term_string\"}}],\"inLanguage\":\"en-US\"}]}<\/script>\n<!-- \/ Yoast SEO plugin. -->","yoast_head_json":{"title":"Maverik Lock Lacrosse Head Untrung - Captain-Lax - The European Lacrosse Shop","description":"Maverik Lock Lacrosse Schl\u00e4gerkopf Unstrung - Der Maverik Lock Lacrosse Schl\u00e4gerkopf Unstrung ist f\u00fcr den Elite-Faceoff-Spezialisten konzipiert.Vorteile des Maverik Lock ...","robots":{"index":"noindex","follow":"follow","max-snippet":"max-snippet:-1","max-image-preview":"max-image-preview:large","max-video-preview":"max-video-preview:-1"},"og_locale":"en_US","og_type":"article","og_title":"Maverik Lock Lacrosse Head Untrung - Captain-Lax - The European Lacrosse Shop","og_description":"Maverik Lock Lacrosse Schl\u00e4gerkopf Unstrung - Der Maverik Lock Lacrosse Schl\u00e4gerkopf Unstrung ist f\u00fcr den Elite-Faceoff-Spezialisten konzipiert.Vorteile des Maverik Lock ...","og_url":"https:\/\/cl.ge-sporttrade.de\/en\/maverik_lock_lacrosse_head_untrung_oml-lock-3002\/","og_site_name":"Captain-Lax - The European Lacrosse Shop","article_modified_time":"2023-08-08T09:19:57+00:00","og_image":[{"width":1250,"height":1250,"url":"https:\/\/cl.ge-sporttrade.de\/wp-content\/uploads\/2023\/02\/c22d5ef090041350fb4e49d59bdc5f50f87e824d_ML_Lock_3002702_GR.jpg","type":"image\/jpeg"}],"twitter_card":"summary_large_image","twitter_misc":{"Est. reading time":"1 minute"},"schema":{"@context":"https:\/\/schema.org","@graph":[{"@type":"WebPage","@id":"https:\/\/cl.ge-sporttrade.de\/en\/maverik_lock_lacrosse_head_untrung_oml-lock-3002\/","url":"https:\/\/cl.ge-sporttrade.de\/en\/maverik_lock_lacrosse_head_untrung_oml-lock-3002\/","name":"Maverik Lock Lacrosse Head Untrung - Captain-Lax - The European Lacrosse Shop","isPartOf":{"@id":"https:\/\/cl.ge-sporttrade.de\/#website"},"primaryImageOfPage":{"@id":"https:\/\/cl.ge-sporttrade.de\/en\/maverik_lock_lacrosse_head_untrung_oml-lock-3002\/#primaryimage"},"image":{"@id":"https:\/\/cl.ge-sporttrade.de\/en\/maverik_lock_lacrosse_head_untrung_oml-lock-3002\/#primaryimage"},"thumbnailUrl":"https:\/\/cl.ge-sporttrade.de\/wp-content\/uploads\/2023\/02\/c22d5ef090041350fb4e49d59bdc5f50f87e824d_ML_Lock_3002702_GR.jpg","datePublished":"2023-02-23T00:00:00+00:00","dateModified":"2023-08-08T09:19:57+00:00","description":"Maverik Lock Lacrosse Schl\u00e4gerkopf Unstrung - Der Maverik Lock Lacrosse Schl\u00e4gerkopf Unstrung ist f\u00fcr den Elite-Faceoff-Spezialisten konzipiert.Vorteile des Maverik Lock ...","breadcrumb":{"@id":"https:\/\/cl.ge-sporttrade.de\/en\/maverik_lock_lacrosse_head_untrung_oml-lock-3002\/#breadcrumb"},"inLanguage":"en-US","potentialAction":[{"@type":"ReadAction","target":["https:\/\/cl.ge-sporttrade.de\/en\/maverik_lock_lacrosse_head_untrung_oml-lock-3002\/"]}]},{"@type":"ImageObject","inLanguage":"en-US","@id":"https:\/\/cl.ge-sporttrade.de\/en\/maverik_lock_lacrosse_head_untrung_oml-lock-3002\/#primaryimage","url":"https:\/\/cl.ge-sporttrade.de\/wp-content\/uploads\/2023\/02\/c22d5ef090041350fb4e49d59bdc5f50f87e824d_ML_Lock_3002702_GR.jpg","contentUrl":"https:\/\/cl.ge-sporttrade.de\/wp-content\/uploads\/2023\/02\/c22d5ef090041350fb4e49d59bdc5f50f87e824d_ML_Lock_3002702_GR.jpg","width":1250,"height":1250},{"@type":"BreadcrumbList","@id":"https:\/\/cl.ge-sporttrade.de\/en\/maverik_lock_lacrosse_head_untrung_oml-lock-3002\/#breadcrumb","itemListElement":[{"@type":"ListItem","position":1,"name":"Homepage","item":"https:\/\/cl.ge-sporttrade.de\/en\/home-page\/"},{"@type":"ListItem","position":2,"name":"Shop","item":"https:\/\/cl.ge-sporttrade.de\/en\/shop\/"},{"@type":"ListItem","position":3,"name":"Maverik Lock Lacrosse Head Untrung"}]},{"@type":"WebSite","@id":"https:\/\/cl.ge-sporttrade.de\/#website","url":"https:\/\/cl.ge-sporttrade.de\/","name":"Captain-Lax - The European Lacrosse Shop","description":"Warrior Lacrosse, Harrow, Brine, Bike - captain-lax.com","potentialAction":[{"@type":"SearchAction","target":{"@type":"EntryPoint","urlTemplate":"https:\/\/cl.ge-sporttrade.de\/?s={search_term_string}"},"query-input":{"@type":"PropertyValueSpecification","valueRequired":true,"valueName":"search_term_string"}}],"inLanguage":"en-US"}]}},"brands":[{"id":14954,"name":"Maverik","slug":"maverik"}],"_links":{"self":[{"href":"https:\/\/cl.ge-sporttrade.de\/en\/wp-json\/wp\/v2\/product\/30793","targetHints":{"allow":["GET"]}}],"collection":[{"href":"https:\/\/cl.ge-sporttrade.de\/en\/wp-json\/wp\/v2\/product"}],"about":[{"href":"https:\/\/cl.ge-sporttrade.de\/en\/wp-json\/wp\/v2\/types\/product"}],"wp:featuredmedia":[{"embeddable":true,"href":"https:\/\/cl.ge-sporttrade.de\/en\/wp-json\/wp\/v2\/media\/90086"}],"wp:attachment":[{"href":"https:\/\/cl.ge-sporttrade.de\/en\/wp-json\/wp\/v2\/media?parent=30793"}],"wp:term":[{"taxonomy":"pwb-brand","embeddable":true,"href":"https:\/\/cl.ge-sporttrade.de\/en\/wp-json\/wp\/v2\/pwb-brand?post=30793"},{"taxonomy":"product_brand","embeddable":true,"href":"https:\/\/cl.ge-sporttrade.de\/en\/wp-json\/wp\/v2\/product_brand?post=30793"},{"taxonomy":"product_cat","embeddable":true,"href":"https:\/\/cl.ge-sporttrade.de\/en\/wp-json\/wp\/v2\/product_cat?post=30793"},{"taxonomy":"product_tag","embeddable":true,"href":"https:\/\/cl.ge-sporttrade.de\/en\/wp-json\/wp\/v2\/product_tag?post=30793"}],"curies":[{"name":"wp","href":"https:\/\/api.w.org\/{rel}","templated":true}]}}