{"id":47440,"date":"2024-11-23T00:00:00","date_gmt":"2024-11-23T00:00:00","guid":{"rendered":""},"modified":"2026-04-01T19:09:44","modified_gmt":"2026-04-01T19:09:44","slug":"maverik_flight_lacrosse_head_unstrung_o30004","status":"publish","type":"product","link":"https:\/\/cl.ge-sporttrade.de\/en\/maverik_flight_lacrosse_head_unstrung_o30004\/","title":{"rendered":"Maverik Flight Lacrosse Head Unstrung"},"content":{"rendered":"<p>The <b>Maverik Lacrosse Flight Head Unstrung<\/b> helps you to improve your<br \/>\n    responsiveness on field.<\/p>\n<p>    Advantages of the <b>Maverik Lacrosse Flight Head Unstrung<\/b>:<\/p>\n<ul>\n<li>helps to improve responsiveness on the field<\/li>\n<li>features mid-positioned ramp <\/li>\n<li>rounded scoop for accurate shots and easy groundball pick ups<\/li>\n<\/ul>\n","protected":false},"excerpt":{"rendered":"<p>The Maverik Lacrosse Flight Head Unstrung helps you to improve your responsiveness on field. Advantages of the Maverik Lacrosse Flight Head Unstrung: helps to improve responsiveness on the field features mid-positioned ramp rounded scoop for accurate shots and easy groundball pick ups<\/p>\n","protected":false},"featured_media":562363,"template":"","meta":[],"pwb-brand":[14954],"product_brand":[],"product_cat":[9953,5319,11435,5321,5329],"product_tag":[],"class_list":{"0":"post-47440","1":"product","2":"type-product","3":"status-publish","4":"has-post-thumbnail","6":"pwb-brand-maverik","7":"product_cat-lax_deals","8":"product_cat-mens_lacrosse_en_US","9":"product_cat-lax_deals_en_US","10":"product_cat-lax_sticks_men_en_US","11":"product_cat-lax_unstrung_heads_men_en_US","12":"pa_woosap_zolltarifnummer-9506-9190-000-en","14":"first","15":"instock","16":"sale","17":"taxable","18":"shipping-taxable","19":"purchasable","20":"product-type-variable"},"yoast_head":"<!-- This site is optimized with the Yoast SEO plugin v27.2 - https:\/\/yoast.com\/product\/yoast-seo-wordpress\/ -->\n<title>Maverik Flight Lacrosse Head Unstrung - Captain-Lax - The European Lacrosse Shop<\/title>\n<meta name=\"description\" content=\"Maverik Flight Lacrosse Schl\u00e4gerkopf Unstrung - Der Maverik Lacrosse Flight Schl\u00e4gerkopf Unstrung hilft dir deine Reaktionsf\u00e4higkeit auf dem Feld zu verbessern. Vortei...\" \/>\n<meta name=\"robots\" content=\"noindex, follow, max-snippet:-1, max-image-preview:large, max-video-preview:-1\" \/>\n<meta property=\"og:locale\" content=\"en_US\" \/>\n<meta property=\"og:type\" content=\"article\" \/>\n<meta property=\"og:title\" content=\"Maverik Flight Lacrosse Head Unstrung - Captain-Lax - The European Lacrosse Shop\" \/>\n<meta property=\"og:description\" content=\"Maverik Flight Lacrosse Schl\u00e4gerkopf Unstrung - Der Maverik Lacrosse Flight Schl\u00e4gerkopf Unstrung hilft dir deine Reaktionsf\u00e4higkeit auf dem Feld zu verbessern. Vortei...\" \/>\n<meta property=\"og:url\" content=\"https:\/\/cl.ge-sporttrade.de\/en\/maverik_flight_lacrosse_head_unstrung_o30004\/\" \/>\n<meta property=\"og:site_name\" content=\"Captain-Lax - The European Lacrosse Shop\" \/>\n<meta property=\"article:modified_time\" content=\"2026-04-01T19:09:44+00:00\" \/>\n<meta property=\"og:image\" content=\"https:\/\/cl.ge-sporttrade.de\/wp-content\/uploads\/2023\/02\/010e86bdb5db381a4759dee81a8a976150b7f2f5_3000470.jpg\" \/>\n\t<meta property=\"og:image:width\" content=\"1250\" \/>\n\t<meta property=\"og:image:height\" content=\"1250\" \/>\n\t<meta property=\"og:image:type\" content=\"image\/jpeg\" \/>\n<meta name=\"twitter:card\" content=\"summary_large_image\" \/>\n<script type=\"application\/ld+json\" class=\"yoast-schema-graph\">{\"@context\":\"https:\/\/schema.org\",\"@graph\":[{\"@type\":\"WebPage\",\"@id\":\"https:\/\/cl.ge-sporttrade.de\/en\/maverik_flight_lacrosse_head_unstrung_o30004\/\",\"url\":\"https:\/\/cl.ge-sporttrade.de\/en\/maverik_flight_lacrosse_head_unstrung_o30004\/\",\"name\":\"Maverik Flight Lacrosse Head Unstrung - Captain-Lax - The European Lacrosse Shop\",\"isPartOf\":{\"@id\":\"https:\/\/cl.ge-sporttrade.de\/#website\"},\"primaryImageOfPage\":{\"@id\":\"https:\/\/cl.ge-sporttrade.de\/en\/maverik_flight_lacrosse_head_unstrung_o30004\/#primaryimage\"},\"image\":{\"@id\":\"https:\/\/cl.ge-sporttrade.de\/en\/maverik_flight_lacrosse_head_unstrung_o30004\/#primaryimage\"},\"thumbnailUrl\":\"https:\/\/cl.ge-sporttrade.de\/wp-content\/uploads\/2024\/11\/010e86bdb5db381a4759dee81a8a976150b7f2f5_3000470.jpg\",\"datePublished\":\"2024-11-23T00:00:00+00:00\",\"dateModified\":\"2026-04-01T19:09:44+00:00\",\"description\":\"Maverik Flight Lacrosse Schl\u00e4gerkopf Unstrung - Der Maverik Lacrosse Flight Schl\u00e4gerkopf Unstrung hilft dir deine Reaktionsf\u00e4higkeit auf dem Feld zu verbessern. Vortei...\",\"breadcrumb\":{\"@id\":\"https:\/\/cl.ge-sporttrade.de\/en\/maverik_flight_lacrosse_head_unstrung_o30004\/#breadcrumb\"},\"inLanguage\":\"en-US\",\"potentialAction\":[{\"@type\":\"ReadAction\",\"target\":[\"https:\/\/cl.ge-sporttrade.de\/en\/maverik_flight_lacrosse_head_unstrung_o30004\/\"]}]},{\"@type\":\"ImageObject\",\"inLanguage\":\"en-US\",\"@id\":\"https:\/\/cl.ge-sporttrade.de\/en\/maverik_flight_lacrosse_head_unstrung_o30004\/#primaryimage\",\"url\":\"https:\/\/cl.ge-sporttrade.de\/wp-content\/uploads\/2024\/11\/010e86bdb5db381a4759dee81a8a976150b7f2f5_3000470.jpg\",\"contentUrl\":\"https:\/\/cl.ge-sporttrade.de\/wp-content\/uploads\/2024\/11\/010e86bdb5db381a4759dee81a8a976150b7f2f5_3000470.jpg\",\"width\":1250,\"height\":1250},{\"@type\":\"BreadcrumbList\",\"@id\":\"https:\/\/cl.ge-sporttrade.de\/en\/maverik_flight_lacrosse_head_unstrung_o30004\/#breadcrumb\",\"itemListElement\":[{\"@type\":\"ListItem\",\"position\":1,\"name\":\"Homepage\",\"item\":\"https:\/\/cl.ge-sporttrade.de\/en\/home-page\/\"},{\"@type\":\"ListItem\",\"position\":2,\"name\":\"Shop\",\"item\":\"https:\/\/cl.ge-sporttrade.de\/en\/shop\/\"},{\"@type\":\"ListItem\",\"position\":3,\"name\":\"Maverik Flight Lacrosse Head Unstrung\"}]},{\"@type\":\"WebSite\",\"@id\":\"https:\/\/cl.ge-sporttrade.de\/#website\",\"url\":\"https:\/\/cl.ge-sporttrade.de\/\",\"name\":\"Captain-Lax - The European Lacrosse Shop\",\"description\":\"Warrior Lacrosse, Harrow, Brine, Bike - captain-lax.com\",\"potentialAction\":[{\"@type\":\"SearchAction\",\"target\":{\"@type\":\"EntryPoint\",\"urlTemplate\":\"https:\/\/cl.ge-sporttrade.de\/?s={search_term_string}\"},\"query-input\":{\"@type\":\"PropertyValueSpecification\",\"valueRequired\":true,\"valueName\":\"search_term_string\"}}],\"inLanguage\":\"en-US\"}]}<\/script>\n<!-- \/ Yoast SEO plugin. -->","yoast_head_json":{"title":"Maverik Flight Lacrosse Head Unstrung - Captain-Lax - The European Lacrosse Shop","description":"Maverik Flight Lacrosse Schl\u00e4gerkopf Unstrung - Der Maverik Lacrosse Flight Schl\u00e4gerkopf Unstrung hilft dir deine Reaktionsf\u00e4higkeit auf dem Feld zu verbessern. Vortei...","robots":{"index":"noindex","follow":"follow","max-snippet":"max-snippet:-1","max-image-preview":"max-image-preview:large","max-video-preview":"max-video-preview:-1"},"og_locale":"en_US","og_type":"article","og_title":"Maverik Flight Lacrosse Head Unstrung - Captain-Lax - The European Lacrosse Shop","og_description":"Maverik Flight Lacrosse Schl\u00e4gerkopf Unstrung - Der Maverik Lacrosse Flight Schl\u00e4gerkopf Unstrung hilft dir deine Reaktionsf\u00e4higkeit auf dem Feld zu verbessern. Vortei...","og_url":"https:\/\/cl.ge-sporttrade.de\/en\/maverik_flight_lacrosse_head_unstrung_o30004\/","og_site_name":"Captain-Lax - The European Lacrosse Shop","article_modified_time":"2026-04-01T19:09:44+00:00","og_image":[{"width":1250,"height":1250,"url":"https:\/\/cl.ge-sporttrade.de\/wp-content\/uploads\/2023\/02\/010e86bdb5db381a4759dee81a8a976150b7f2f5_3000470.jpg","type":"image\/jpeg"}],"twitter_card":"summary_large_image","schema":{"@context":"https:\/\/schema.org","@graph":[{"@type":"WebPage","@id":"https:\/\/cl.ge-sporttrade.de\/en\/maverik_flight_lacrosse_head_unstrung_o30004\/","url":"https:\/\/cl.ge-sporttrade.de\/en\/maverik_flight_lacrosse_head_unstrung_o30004\/","name":"Maverik Flight Lacrosse Head Unstrung - Captain-Lax - The European Lacrosse Shop","isPartOf":{"@id":"https:\/\/cl.ge-sporttrade.de\/#website"},"primaryImageOfPage":{"@id":"https:\/\/cl.ge-sporttrade.de\/en\/maverik_flight_lacrosse_head_unstrung_o30004\/#primaryimage"},"image":{"@id":"https:\/\/cl.ge-sporttrade.de\/en\/maverik_flight_lacrosse_head_unstrung_o30004\/#primaryimage"},"thumbnailUrl":"https:\/\/cl.ge-sporttrade.de\/wp-content\/uploads\/2024\/11\/010e86bdb5db381a4759dee81a8a976150b7f2f5_3000470.jpg","datePublished":"2024-11-23T00:00:00+00:00","dateModified":"2026-04-01T19:09:44+00:00","description":"Maverik Flight Lacrosse Schl\u00e4gerkopf Unstrung - Der Maverik Lacrosse Flight Schl\u00e4gerkopf Unstrung hilft dir deine Reaktionsf\u00e4higkeit auf dem Feld zu verbessern. Vortei...","breadcrumb":{"@id":"https:\/\/cl.ge-sporttrade.de\/en\/maverik_flight_lacrosse_head_unstrung_o30004\/#breadcrumb"},"inLanguage":"en-US","potentialAction":[{"@type":"ReadAction","target":["https:\/\/cl.ge-sporttrade.de\/en\/maverik_flight_lacrosse_head_unstrung_o30004\/"]}]},{"@type":"ImageObject","inLanguage":"en-US","@id":"https:\/\/cl.ge-sporttrade.de\/en\/maverik_flight_lacrosse_head_unstrung_o30004\/#primaryimage","url":"https:\/\/cl.ge-sporttrade.de\/wp-content\/uploads\/2024\/11\/010e86bdb5db381a4759dee81a8a976150b7f2f5_3000470.jpg","contentUrl":"https:\/\/cl.ge-sporttrade.de\/wp-content\/uploads\/2024\/11\/010e86bdb5db381a4759dee81a8a976150b7f2f5_3000470.jpg","width":1250,"height":1250},{"@type":"BreadcrumbList","@id":"https:\/\/cl.ge-sporttrade.de\/en\/maverik_flight_lacrosse_head_unstrung_o30004\/#breadcrumb","itemListElement":[{"@type":"ListItem","position":1,"name":"Homepage","item":"https:\/\/cl.ge-sporttrade.de\/en\/home-page\/"},{"@type":"ListItem","position":2,"name":"Shop","item":"https:\/\/cl.ge-sporttrade.de\/en\/shop\/"},{"@type":"ListItem","position":3,"name":"Maverik Flight Lacrosse Head Unstrung"}]},{"@type":"WebSite","@id":"https:\/\/cl.ge-sporttrade.de\/#website","url":"https:\/\/cl.ge-sporttrade.de\/","name":"Captain-Lax - The European Lacrosse Shop","description":"Warrior Lacrosse, Harrow, Brine, Bike - captain-lax.com","potentialAction":[{"@type":"SearchAction","target":{"@type":"EntryPoint","urlTemplate":"https:\/\/cl.ge-sporttrade.de\/?s={search_term_string}"},"query-input":{"@type":"PropertyValueSpecification","valueRequired":true,"valueName":"search_term_string"}}],"inLanguage":"en-US"}]}},"brands":[{"id":14954,"name":"Maverik","slug":"maverik"}],"_links":{"self":[{"href":"https:\/\/cl.ge-sporttrade.de\/en\/wp-json\/wp\/v2\/product\/47440","targetHints":{"allow":["GET"]}}],"collection":[{"href":"https:\/\/cl.ge-sporttrade.de\/en\/wp-json\/wp\/v2\/product"}],"about":[{"href":"https:\/\/cl.ge-sporttrade.de\/en\/wp-json\/wp\/v2\/types\/product"}],"wp:featuredmedia":[{"embeddable":true,"href":"https:\/\/cl.ge-sporttrade.de\/en\/wp-json\/wp\/v2\/media\/562363"}],"wp:attachment":[{"href":"https:\/\/cl.ge-sporttrade.de\/en\/wp-json\/wp\/v2\/media?parent=47440"}],"wp:term":[{"taxonomy":"pwb-brand","embeddable":true,"href":"https:\/\/cl.ge-sporttrade.de\/en\/wp-json\/wp\/v2\/pwb-brand?post=47440"},{"taxonomy":"product_brand","embeddable":true,"href":"https:\/\/cl.ge-sporttrade.de\/en\/wp-json\/wp\/v2\/product_brand?post=47440"},{"taxonomy":"product_cat","embeddable":true,"href":"https:\/\/cl.ge-sporttrade.de\/en\/wp-json\/wp\/v2\/product_cat?post=47440"},{"taxonomy":"product_tag","embeddable":true,"href":"https:\/\/cl.ge-sporttrade.de\/en\/wp-json\/wp\/v2\/product_tag?post=47440"}],"curies":[{"name":"wp","href":"https:\/\/api.w.org\/{rel}","templated":true}]}}