{"id":47609,"date":"2023-02-24T00:00:00","date_gmt":"2023-02-24T00:00:00","guid":{"rendered":""},"modified":"2026-04-01T19:09:45","modified_gmt":"2026-04-01T19:09:45","slug":"Maverik_Juice_2_Lacrosse_Head_Unstrung_o30000","status":"publish","type":"product","link":"https:\/\/cl.ge-sporttrade.de\/en\/Maverik_Juice_2_Lacrosse_Head_Unstrung_o30000\/","title":{"rendered":"Maverik Juice 2 Lacrosse Head Unstrung"},"content":{"rendered":"<p>The <b>Maverik Lacrosse Juice 2 Head Unstrung<\/b> combines everything youneed for a perfect game.<\/p>\n<p>Advantages of the <b>Maverik Lacrosse Juice 2 Head Unstrung<\/b>:<\/p>\n<ul>\n<li>narrow<\/li>\n<li>ultimate control while handling the ball<\/li>\n<li>better release point to generate more powerful shots <\/li>\n<li>improved ball control when player wants to slow down the game <\/li>\n<li>a weapon in the offense <\/li>\n<\/ul>\n","protected":false},"excerpt":{"rendered":"<p>The Maverik Lacrosse Juice 2 Head Unstrung combines everything youneed for a perfect game. Advantages of the Maverik Lacrosse Juice 2 Head Unstrung: narrow ultimate control while handling the ball better release point to generate more powerful shots improved ball control when player wants to slow down the game a [&hellip;]<\/p>\n","protected":false},"featured_media":93699,"template":"","meta":[],"pwb-brand":[14954],"product_brand":[],"product_cat":[9953,5319,11435,5321,5329],"product_tag":[],"class_list":{"0":"post-47609","1":"product","2":"type-product","3":"status-publish","4":"has-post-thumbnail","6":"pwb-brand-maverik","7":"product_cat-lax_deals","8":"product_cat-mens_lacrosse_en_US","9":"product_cat-lax_deals_en_US","10":"product_cat-lax_sticks_men_en_US","11":"product_cat-lax_unstrung_heads_men_en_US","12":"pa_woosap_zolltarifnummer-9506-9190-000-en","14":"first","15":"instock","16":"sale","17":"taxable","18":"shipping-taxable","19":"purchasable","20":"product-type-variable"},"yoast_head":"<!-- This site is optimized with the Yoast SEO plugin v27.2 - https:\/\/yoast.com\/product\/yoast-seo-wordpress\/ -->\n<title>Maverik Juice 2 Lacrosse Head Unstrung - Captain-Lax - The European Lacrosse Shop<\/title>\n<meta name=\"description\" content=\"Maverik Juice 2 Lacrosse Schl\u00e4gerkopf Unstrung - Der Maverik Lacrosse Juice 2 Schl\u00e4gerkopf Unstrung hat alles was duf\u00fcr ein perfektes Spiel brauchst.Vorteile des Maverik Lacrosse J...\" \/>\n<meta name=\"robots\" content=\"noindex, follow, max-snippet:-1, max-image-preview:large, max-video-preview:-1\" \/>\n<meta property=\"og:locale\" content=\"en_US\" \/>\n<meta property=\"og:type\" content=\"article\" \/>\n<meta property=\"og:title\" content=\"Maverik Juice 2 Lacrosse Head Unstrung - Captain-Lax - The European Lacrosse Shop\" \/>\n<meta property=\"og:description\" content=\"Maverik Juice 2 Lacrosse Schl\u00e4gerkopf Unstrung - Der Maverik Lacrosse Juice 2 Schl\u00e4gerkopf Unstrung hat alles was duf\u00fcr ein perfektes Spiel brauchst.Vorteile des Maverik Lacrosse J...\" \/>\n<meta property=\"og:url\" content=\"https:\/\/cl.ge-sporttrade.de\/en\/Maverik_Juice_2_Lacrosse_Head_Unstrung_o30000\/\" \/>\n<meta property=\"og:site_name\" content=\"Captain-Lax - The European Lacrosse Shop\" \/>\n<meta property=\"article:modified_time\" content=\"2026-04-01T19:09:45+00:00\" \/>\n<meta property=\"og:image\" content=\"https:\/\/cl.ge-sporttrade.de\/wp-content\/uploads\/2023\/02\/d3beb5f9fd143689f1114f17eb546bffef46c3e8_3000080.jpg\" \/>\n\t<meta property=\"og:image:width\" content=\"1250\" \/>\n\t<meta property=\"og:image:height\" content=\"1250\" \/>\n\t<meta property=\"og:image:type\" content=\"image\/jpeg\" \/>\n<meta name=\"twitter:card\" content=\"summary_large_image\" \/>\n<script type=\"application\/ld+json\" class=\"yoast-schema-graph\">{\"@context\":\"https:\/\/schema.org\",\"@graph\":[{\"@type\":\"WebPage\",\"@id\":\"https:\/\/cl.ge-sporttrade.de\/en\/Maverik_Juice_2_Lacrosse_Head_Unstrung_o30000\/\",\"url\":\"https:\/\/cl.ge-sporttrade.de\/en\/Maverik_Juice_2_Lacrosse_Head_Unstrung_o30000\/\",\"name\":\"Maverik Juice 2 Lacrosse Head Unstrung - Captain-Lax - The European Lacrosse Shop\",\"isPartOf\":{\"@id\":\"https:\/\/cl.ge-sporttrade.de\/#website\"},\"primaryImageOfPage\":{\"@id\":\"https:\/\/cl.ge-sporttrade.de\/en\/Maverik_Juice_2_Lacrosse_Head_Unstrung_o30000\/#primaryimage\"},\"image\":{\"@id\":\"https:\/\/cl.ge-sporttrade.de\/en\/Maverik_Juice_2_Lacrosse_Head_Unstrung_o30000\/#primaryimage\"},\"thumbnailUrl\":\"https:\/\/cl.ge-sporttrade.de\/wp-content\/uploads\/2023\/02\/d3beb5f9fd143689f1114f17eb546bffef46c3e8_3000080.jpg\",\"datePublished\":\"2023-02-24T00:00:00+00:00\",\"dateModified\":\"2026-04-01T19:09:45+00:00\",\"description\":\"Maverik Juice 2 Lacrosse Schl\u00e4gerkopf Unstrung - Der Maverik Lacrosse Juice 2 Schl\u00e4gerkopf Unstrung hat alles was duf\u00fcr ein perfektes Spiel brauchst.Vorteile des Maverik Lacrosse J...\",\"breadcrumb\":{\"@id\":\"https:\/\/cl.ge-sporttrade.de\/en\/Maverik_Juice_2_Lacrosse_Head_Unstrung_o30000\/#breadcrumb\"},\"inLanguage\":\"en-US\",\"potentialAction\":[{\"@type\":\"ReadAction\",\"target\":[\"https:\/\/cl.ge-sporttrade.de\/en\/Maverik_Juice_2_Lacrosse_Head_Unstrung_o30000\/\"]}]},{\"@type\":\"ImageObject\",\"inLanguage\":\"en-US\",\"@id\":\"https:\/\/cl.ge-sporttrade.de\/en\/Maverik_Juice_2_Lacrosse_Head_Unstrung_o30000\/#primaryimage\",\"url\":\"https:\/\/cl.ge-sporttrade.de\/wp-content\/uploads\/2023\/02\/d3beb5f9fd143689f1114f17eb546bffef46c3e8_3000080.jpg\",\"contentUrl\":\"https:\/\/cl.ge-sporttrade.de\/wp-content\/uploads\/2023\/02\/d3beb5f9fd143689f1114f17eb546bffef46c3e8_3000080.jpg\",\"width\":1250,\"height\":1250},{\"@type\":\"BreadcrumbList\",\"@id\":\"https:\/\/cl.ge-sporttrade.de\/en\/Maverik_Juice_2_Lacrosse_Head_Unstrung_o30000\/#breadcrumb\",\"itemListElement\":[{\"@type\":\"ListItem\",\"position\":1,\"name\":\"Homepage\",\"item\":\"https:\/\/cl.ge-sporttrade.de\/en\/home-page\/\"},{\"@type\":\"ListItem\",\"position\":2,\"name\":\"Shop\",\"item\":\"https:\/\/cl.ge-sporttrade.de\/en\/shop\/\"},{\"@type\":\"ListItem\",\"position\":3,\"name\":\"Maverik Juice 2 Lacrosse Head Unstrung\"}]},{\"@type\":\"WebSite\",\"@id\":\"https:\/\/cl.ge-sporttrade.de\/#website\",\"url\":\"https:\/\/cl.ge-sporttrade.de\/\",\"name\":\"Captain-Lax - The European Lacrosse Shop\",\"description\":\"Warrior Lacrosse, Harrow, Brine, Bike - captain-lax.com\",\"potentialAction\":[{\"@type\":\"SearchAction\",\"target\":{\"@type\":\"EntryPoint\",\"urlTemplate\":\"https:\/\/cl.ge-sporttrade.de\/?s={search_term_string}\"},\"query-input\":{\"@type\":\"PropertyValueSpecification\",\"valueRequired\":true,\"valueName\":\"search_term_string\"}}],\"inLanguage\":\"en-US\"}]}<\/script>\n<!-- \/ Yoast SEO plugin. -->","yoast_head_json":{"title":"Maverik Juice 2 Lacrosse Head Unstrung - Captain-Lax - The European Lacrosse Shop","description":"Maverik Juice 2 Lacrosse Schl\u00e4gerkopf Unstrung - Der Maverik Lacrosse Juice 2 Schl\u00e4gerkopf Unstrung hat alles was duf\u00fcr ein perfektes Spiel brauchst.Vorteile des Maverik Lacrosse J...","robots":{"index":"noindex","follow":"follow","max-snippet":"max-snippet:-1","max-image-preview":"max-image-preview:large","max-video-preview":"max-video-preview:-1"},"og_locale":"en_US","og_type":"article","og_title":"Maverik Juice 2 Lacrosse Head Unstrung - Captain-Lax - The European Lacrosse Shop","og_description":"Maverik Juice 2 Lacrosse Schl\u00e4gerkopf Unstrung - Der Maverik Lacrosse Juice 2 Schl\u00e4gerkopf Unstrung hat alles was duf\u00fcr ein perfektes Spiel brauchst.Vorteile des Maverik Lacrosse J...","og_url":"https:\/\/cl.ge-sporttrade.de\/en\/Maverik_Juice_2_Lacrosse_Head_Unstrung_o30000\/","og_site_name":"Captain-Lax - The European Lacrosse Shop","article_modified_time":"2026-04-01T19:09:45+00:00","og_image":[{"width":1250,"height":1250,"url":"https:\/\/cl.ge-sporttrade.de\/wp-content\/uploads\/2023\/02\/d3beb5f9fd143689f1114f17eb546bffef46c3e8_3000080.jpg","type":"image\/jpeg"}],"twitter_card":"summary_large_image","schema":{"@context":"https:\/\/schema.org","@graph":[{"@type":"WebPage","@id":"https:\/\/cl.ge-sporttrade.de\/en\/Maverik_Juice_2_Lacrosse_Head_Unstrung_o30000\/","url":"https:\/\/cl.ge-sporttrade.de\/en\/Maverik_Juice_2_Lacrosse_Head_Unstrung_o30000\/","name":"Maverik Juice 2 Lacrosse Head Unstrung - Captain-Lax - The European Lacrosse Shop","isPartOf":{"@id":"https:\/\/cl.ge-sporttrade.de\/#website"},"primaryImageOfPage":{"@id":"https:\/\/cl.ge-sporttrade.de\/en\/Maverik_Juice_2_Lacrosse_Head_Unstrung_o30000\/#primaryimage"},"image":{"@id":"https:\/\/cl.ge-sporttrade.de\/en\/Maverik_Juice_2_Lacrosse_Head_Unstrung_o30000\/#primaryimage"},"thumbnailUrl":"https:\/\/cl.ge-sporttrade.de\/wp-content\/uploads\/2023\/02\/d3beb5f9fd143689f1114f17eb546bffef46c3e8_3000080.jpg","datePublished":"2023-02-24T00:00:00+00:00","dateModified":"2026-04-01T19:09:45+00:00","description":"Maverik Juice 2 Lacrosse Schl\u00e4gerkopf Unstrung - Der Maverik Lacrosse Juice 2 Schl\u00e4gerkopf Unstrung hat alles was duf\u00fcr ein perfektes Spiel brauchst.Vorteile des Maverik Lacrosse J...","breadcrumb":{"@id":"https:\/\/cl.ge-sporttrade.de\/en\/Maverik_Juice_2_Lacrosse_Head_Unstrung_o30000\/#breadcrumb"},"inLanguage":"en-US","potentialAction":[{"@type":"ReadAction","target":["https:\/\/cl.ge-sporttrade.de\/en\/Maverik_Juice_2_Lacrosse_Head_Unstrung_o30000\/"]}]},{"@type":"ImageObject","inLanguage":"en-US","@id":"https:\/\/cl.ge-sporttrade.de\/en\/Maverik_Juice_2_Lacrosse_Head_Unstrung_o30000\/#primaryimage","url":"https:\/\/cl.ge-sporttrade.de\/wp-content\/uploads\/2023\/02\/d3beb5f9fd143689f1114f17eb546bffef46c3e8_3000080.jpg","contentUrl":"https:\/\/cl.ge-sporttrade.de\/wp-content\/uploads\/2023\/02\/d3beb5f9fd143689f1114f17eb546bffef46c3e8_3000080.jpg","width":1250,"height":1250},{"@type":"BreadcrumbList","@id":"https:\/\/cl.ge-sporttrade.de\/en\/Maverik_Juice_2_Lacrosse_Head_Unstrung_o30000\/#breadcrumb","itemListElement":[{"@type":"ListItem","position":1,"name":"Homepage","item":"https:\/\/cl.ge-sporttrade.de\/en\/home-page\/"},{"@type":"ListItem","position":2,"name":"Shop","item":"https:\/\/cl.ge-sporttrade.de\/en\/shop\/"},{"@type":"ListItem","position":3,"name":"Maverik Juice 2 Lacrosse Head Unstrung"}]},{"@type":"WebSite","@id":"https:\/\/cl.ge-sporttrade.de\/#website","url":"https:\/\/cl.ge-sporttrade.de\/","name":"Captain-Lax - The European Lacrosse Shop","description":"Warrior Lacrosse, Harrow, Brine, Bike - captain-lax.com","potentialAction":[{"@type":"SearchAction","target":{"@type":"EntryPoint","urlTemplate":"https:\/\/cl.ge-sporttrade.de\/?s={search_term_string}"},"query-input":{"@type":"PropertyValueSpecification","valueRequired":true,"valueName":"search_term_string"}}],"inLanguage":"en-US"}]}},"brands":[{"id":14954,"name":"Maverik","slug":"maverik"}],"_links":{"self":[{"href":"https:\/\/cl.ge-sporttrade.de\/en\/wp-json\/wp\/v2\/product\/47609","targetHints":{"allow":["GET"]}}],"collection":[{"href":"https:\/\/cl.ge-sporttrade.de\/en\/wp-json\/wp\/v2\/product"}],"about":[{"href":"https:\/\/cl.ge-sporttrade.de\/en\/wp-json\/wp\/v2\/types\/product"}],"wp:featuredmedia":[{"embeddable":true,"href":"https:\/\/cl.ge-sporttrade.de\/en\/wp-json\/wp\/v2\/media\/93699"}],"wp:attachment":[{"href":"https:\/\/cl.ge-sporttrade.de\/en\/wp-json\/wp\/v2\/media?parent=47609"}],"wp:term":[{"taxonomy":"pwb-brand","embeddable":true,"href":"https:\/\/cl.ge-sporttrade.de\/en\/wp-json\/wp\/v2\/pwb-brand?post=47609"},{"taxonomy":"product_brand","embeddable":true,"href":"https:\/\/cl.ge-sporttrade.de\/en\/wp-json\/wp\/v2\/product_brand?post=47609"},{"taxonomy":"product_cat","embeddable":true,"href":"https:\/\/cl.ge-sporttrade.de\/en\/wp-json\/wp\/v2\/product_cat?post=47609"},{"taxonomy":"product_tag","embeddable":true,"href":"https:\/\/cl.ge-sporttrade.de\/en\/wp-json\/wp\/v2\/product_tag?post=47609"}],"curies":[{"name":"wp","href":"https:\/\/api.w.org\/{rel}","templated":true}]}}