{"id":72248,"date":"2023-04-04T00:00:00","date_gmt":"2023-04-04T00:00:00","guid":{"rendered":""},"modified":"2023-07-04T08:48:03","modified_gmt":"2023-07-04T08:48:03","slug":"maverik_axiom_vertex_women_lacrosse_complete_stick_oml-ax-30024","status":"publish","type":"product","link":"https:\/\/cl.ge-sporttrade.de\/en\/maverik_axiom_vertex_women_lacrosse_complete_stick_oml-ax-30024\/","title":{"rendered":"Maverik Axiom Vertex Women Lacrosse Complete Stick"},"content":{"rendered":"<p>The <b>Maverik Axiom Vertex Women Lacrosse Complete Stick<\/b> is perfect for any attacker as it offers an excellent hybrid pocket made out of mesh and vertex material.<\/p>\n<p>Advantages of the <b>Maverik Axiom Vertex Women Lacrosse Complete Stick<\/b>:<\/p>\n<ul>\n<li>Sweet Spot shaped to the exact shape of the ball for more hold and increased control<\/li>\n<li>The Vertex material keeps the shape of the pocket consistent even after a long time, providing a consistent shot.<\/li>\n<li>Pocket form does not change in all weather conditions<\/li>\n<li>Outer runners automatically drive the ball to the sweet spot for a controlled and quick shot<\/li>\n<li>The scoop shape of the head allows for precise passing and shooting<\/li>\n<li>Stiff sidewall design provides better energy transfer during the shot<\/li>\n<li>Shielded sidewalls and stringing holes protect the stringing from wear<\/li>\n<li>The shaft is made of carbon composite matrix materials<\/li>\n<li>The head comes with the Axiom shaft<\/li>\n<li>FIL legal in Germany<\/li>\n<\/ul>\n","protected":false},"excerpt":{"rendered":"<p>The Maverik Axiom Vertex Women Lacrosse Complete Stick is perfect for any attacker as it offers an excellent hybrid pocket made out of mesh and vertex material. Advantages of the Maverik Axiom Vertex Women Lacrosse Complete Stick: Sweet Spot shaped to the exact shape of the ball for more hold [&hellip;]<\/p>\n","protected":false},"featured_media":169842,"template":"","meta":[],"pwb-brand":[14954],"product_brand":[],"product_cat":[5377,5375,5373],"product_tag":[],"class_list":{"0":"post-72248","1":"product","2":"type-product","3":"status-publish","4":"has-post-thumbnail","6":"pwb-brand-maverik","7":"product_cat-lax_complete_sticks_women_en_US","8":"product_cat-lax_sticks_women_en_US","9":"product_cat-lax_womens_lacrosse_en_US","10":"pa_woosap_zolltarifnummer-9506-9190-000-en","12":"first","13":"instock","14":"taxable","15":"shipping-taxable","16":"purchasable","17":"product-type-variable"},"yoast_head":"<!-- This site is optimized with the Yoast SEO plugin v27.2 - https:\/\/yoast.com\/product\/yoast-seo-wordpress\/ -->\n<title>Maverik Axiom Vertex Women Lacrosse Complete Stick - Captain-Lax - The European Lacrosse Shop<\/title>\n<meta name=\"description\" content=\"Maverik Axiom Vertex Frauen Lacrosse Schl\u00e4ger - Der Maverik Axiom Vertex Frauen Lacrosse Schl\u00e4ger ist perfekt f\u00fcr jeden Attacker da er ein hervorragendes Hybridpocket aus Mesh- und...\" \/>\n<meta name=\"robots\" content=\"noindex, follow, max-snippet:-1, max-image-preview:large, max-video-preview:-1\" \/>\n<meta property=\"og:locale\" content=\"en_US\" \/>\n<meta property=\"og:type\" content=\"article\" \/>\n<meta property=\"og:title\" content=\"Maverik Axiom Vertex Women Lacrosse Complete Stick - Captain-Lax - The European Lacrosse Shop\" \/>\n<meta property=\"og:description\" content=\"Maverik Axiom Vertex Frauen Lacrosse Schl\u00e4ger - Der Maverik Axiom Vertex Frauen Lacrosse Schl\u00e4ger ist perfekt f\u00fcr jeden Attacker da er ein hervorragendes Hybridpocket aus Mesh- und...\" \/>\n<meta property=\"og:url\" content=\"https:\/\/cl.ge-sporttrade.de\/en\/maverik_axiom_vertex_women_lacrosse_complete_stick_oml-ax-30024\/\" \/>\n<meta property=\"og:site_name\" content=\"Captain-Lax - The European Lacrosse Shop\" \/>\n<meta property=\"article:modified_time\" content=\"2023-07-04T08:48:03+00:00\" \/>\n<meta property=\"og:image\" content=\"https:\/\/cl.ge-sporttrade.de\/wp-content\/uploads\/2023\/04\/0a2e6a67b63fe9fa1fc2bea68ae6858a8ffa6123_ML_AX_3002482_WH_YL.jpg\" \/>\n\t<meta property=\"og:image:width\" content=\"1250\" \/>\n\t<meta property=\"og:image:height\" content=\"1250\" \/>\n\t<meta property=\"og:image:type\" content=\"image\/jpeg\" \/>\n<meta name=\"twitter:card\" content=\"summary_large_image\" \/>\n<meta name=\"twitter:label1\" content=\"Est. reading time\" \/>\n\t<meta name=\"twitter:data1\" content=\"1 minute\" \/>\n<script type=\"application\/ld+json\" class=\"yoast-schema-graph\">{\"@context\":\"https:\/\/schema.org\",\"@graph\":[{\"@type\":\"WebPage\",\"@id\":\"https:\/\/cl.ge-sporttrade.de\/en\/maverik_axiom_vertex_women_lacrosse_complete_stick_oml-ax-30024\/\",\"url\":\"https:\/\/cl.ge-sporttrade.de\/en\/maverik_axiom_vertex_women_lacrosse_complete_stick_oml-ax-30024\/\",\"name\":\"Maverik Axiom Vertex Women Lacrosse Complete Stick - Captain-Lax - The European Lacrosse Shop\",\"isPartOf\":{\"@id\":\"https:\/\/cl.ge-sporttrade.de\/#website\"},\"primaryImageOfPage\":{\"@id\":\"https:\/\/cl.ge-sporttrade.de\/en\/maverik_axiom_vertex_women_lacrosse_complete_stick_oml-ax-30024\/#primaryimage\"},\"image\":{\"@id\":\"https:\/\/cl.ge-sporttrade.de\/en\/maverik_axiom_vertex_women_lacrosse_complete_stick_oml-ax-30024\/#primaryimage\"},\"thumbnailUrl\":\"https:\/\/cl.ge-sporttrade.de\/wp-content\/uploads\/2023\/04\/0a2e6a67b63fe9fa1fc2bea68ae6858a8ffa6123_ML_AX_3002482_WH_YL.jpg\",\"datePublished\":\"2023-04-04T00:00:00+00:00\",\"dateModified\":\"2023-07-04T08:48:03+00:00\",\"description\":\"Maverik Axiom Vertex Frauen Lacrosse Schl\u00e4ger - Der Maverik Axiom Vertex Frauen Lacrosse Schl\u00e4ger ist perfekt f\u00fcr jeden Attacker da er ein hervorragendes Hybridpocket aus Mesh- und...\",\"breadcrumb\":{\"@id\":\"https:\/\/cl.ge-sporttrade.de\/en\/maverik_axiom_vertex_women_lacrosse_complete_stick_oml-ax-30024\/#breadcrumb\"},\"inLanguage\":\"en-US\",\"potentialAction\":[{\"@type\":\"ReadAction\",\"target\":[\"https:\/\/cl.ge-sporttrade.de\/en\/maverik_axiom_vertex_women_lacrosse_complete_stick_oml-ax-30024\/\"]}]},{\"@type\":\"ImageObject\",\"inLanguage\":\"en-US\",\"@id\":\"https:\/\/cl.ge-sporttrade.de\/en\/maverik_axiom_vertex_women_lacrosse_complete_stick_oml-ax-30024\/#primaryimage\",\"url\":\"https:\/\/cl.ge-sporttrade.de\/wp-content\/uploads\/2023\/04\/0a2e6a67b63fe9fa1fc2bea68ae6858a8ffa6123_ML_AX_3002482_WH_YL.jpg\",\"contentUrl\":\"https:\/\/cl.ge-sporttrade.de\/wp-content\/uploads\/2023\/04\/0a2e6a67b63fe9fa1fc2bea68ae6858a8ffa6123_ML_AX_3002482_WH_YL.jpg\",\"width\":1250,\"height\":1250},{\"@type\":\"BreadcrumbList\",\"@id\":\"https:\/\/cl.ge-sporttrade.de\/en\/maverik_axiom_vertex_women_lacrosse_complete_stick_oml-ax-30024\/#breadcrumb\",\"itemListElement\":[{\"@type\":\"ListItem\",\"position\":1,\"name\":\"Homepage\",\"item\":\"https:\/\/cl.ge-sporttrade.de\/en\/home-page\/\"},{\"@type\":\"ListItem\",\"position\":2,\"name\":\"Shop\",\"item\":\"https:\/\/cl.ge-sporttrade.de\/en\/shop\/\"},{\"@type\":\"ListItem\",\"position\":3,\"name\":\"Maverik Axiom Vertex Women Lacrosse Complete Stick\"}]},{\"@type\":\"WebSite\",\"@id\":\"https:\/\/cl.ge-sporttrade.de\/#website\",\"url\":\"https:\/\/cl.ge-sporttrade.de\/\",\"name\":\"Captain-Lax - The European Lacrosse Shop\",\"description\":\"Warrior Lacrosse, Harrow, Brine, Bike - captain-lax.com\",\"potentialAction\":[{\"@type\":\"SearchAction\",\"target\":{\"@type\":\"EntryPoint\",\"urlTemplate\":\"https:\/\/cl.ge-sporttrade.de\/?s={search_term_string}\"},\"query-input\":{\"@type\":\"PropertyValueSpecification\",\"valueRequired\":true,\"valueName\":\"search_term_string\"}}],\"inLanguage\":\"en-US\"}]}<\/script>\n<!-- \/ Yoast SEO plugin. -->","yoast_head_json":{"title":"Maverik Axiom Vertex Women Lacrosse Complete Stick - Captain-Lax - The European Lacrosse Shop","description":"Maverik Axiom Vertex Frauen Lacrosse Schl\u00e4ger - Der Maverik Axiom Vertex Frauen Lacrosse Schl\u00e4ger ist perfekt f\u00fcr jeden Attacker da er ein hervorragendes Hybridpocket aus Mesh- und...","robots":{"index":"noindex","follow":"follow","max-snippet":"max-snippet:-1","max-image-preview":"max-image-preview:large","max-video-preview":"max-video-preview:-1"},"og_locale":"en_US","og_type":"article","og_title":"Maverik Axiom Vertex Women Lacrosse Complete Stick - Captain-Lax - The European Lacrosse Shop","og_description":"Maverik Axiom Vertex Frauen Lacrosse Schl\u00e4ger - Der Maverik Axiom Vertex Frauen Lacrosse Schl\u00e4ger ist perfekt f\u00fcr jeden Attacker da er ein hervorragendes Hybridpocket aus Mesh- und...","og_url":"https:\/\/cl.ge-sporttrade.de\/en\/maverik_axiom_vertex_women_lacrosse_complete_stick_oml-ax-30024\/","og_site_name":"Captain-Lax - The European Lacrosse Shop","article_modified_time":"2023-07-04T08:48:03+00:00","og_image":[{"width":1250,"height":1250,"url":"https:\/\/cl.ge-sporttrade.de\/wp-content\/uploads\/2023\/04\/0a2e6a67b63fe9fa1fc2bea68ae6858a8ffa6123_ML_AX_3002482_WH_YL.jpg","type":"image\/jpeg"}],"twitter_card":"summary_large_image","twitter_misc":{"Est. reading time":"1 minute"},"schema":{"@context":"https:\/\/schema.org","@graph":[{"@type":"WebPage","@id":"https:\/\/cl.ge-sporttrade.de\/en\/maverik_axiom_vertex_women_lacrosse_complete_stick_oml-ax-30024\/","url":"https:\/\/cl.ge-sporttrade.de\/en\/maverik_axiom_vertex_women_lacrosse_complete_stick_oml-ax-30024\/","name":"Maverik Axiom Vertex Women Lacrosse Complete Stick - Captain-Lax - The European Lacrosse Shop","isPartOf":{"@id":"https:\/\/cl.ge-sporttrade.de\/#website"},"primaryImageOfPage":{"@id":"https:\/\/cl.ge-sporttrade.de\/en\/maverik_axiom_vertex_women_lacrosse_complete_stick_oml-ax-30024\/#primaryimage"},"image":{"@id":"https:\/\/cl.ge-sporttrade.de\/en\/maverik_axiom_vertex_women_lacrosse_complete_stick_oml-ax-30024\/#primaryimage"},"thumbnailUrl":"https:\/\/cl.ge-sporttrade.de\/wp-content\/uploads\/2023\/04\/0a2e6a67b63fe9fa1fc2bea68ae6858a8ffa6123_ML_AX_3002482_WH_YL.jpg","datePublished":"2023-04-04T00:00:00+00:00","dateModified":"2023-07-04T08:48:03+00:00","description":"Maverik Axiom Vertex Frauen Lacrosse Schl\u00e4ger - Der Maverik Axiom Vertex Frauen Lacrosse Schl\u00e4ger ist perfekt f\u00fcr jeden Attacker da er ein hervorragendes Hybridpocket aus Mesh- und...","breadcrumb":{"@id":"https:\/\/cl.ge-sporttrade.de\/en\/maverik_axiom_vertex_women_lacrosse_complete_stick_oml-ax-30024\/#breadcrumb"},"inLanguage":"en-US","potentialAction":[{"@type":"ReadAction","target":["https:\/\/cl.ge-sporttrade.de\/en\/maverik_axiom_vertex_women_lacrosse_complete_stick_oml-ax-30024\/"]}]},{"@type":"ImageObject","inLanguage":"en-US","@id":"https:\/\/cl.ge-sporttrade.de\/en\/maverik_axiom_vertex_women_lacrosse_complete_stick_oml-ax-30024\/#primaryimage","url":"https:\/\/cl.ge-sporttrade.de\/wp-content\/uploads\/2023\/04\/0a2e6a67b63fe9fa1fc2bea68ae6858a8ffa6123_ML_AX_3002482_WH_YL.jpg","contentUrl":"https:\/\/cl.ge-sporttrade.de\/wp-content\/uploads\/2023\/04\/0a2e6a67b63fe9fa1fc2bea68ae6858a8ffa6123_ML_AX_3002482_WH_YL.jpg","width":1250,"height":1250},{"@type":"BreadcrumbList","@id":"https:\/\/cl.ge-sporttrade.de\/en\/maverik_axiom_vertex_women_lacrosse_complete_stick_oml-ax-30024\/#breadcrumb","itemListElement":[{"@type":"ListItem","position":1,"name":"Homepage","item":"https:\/\/cl.ge-sporttrade.de\/en\/home-page\/"},{"@type":"ListItem","position":2,"name":"Shop","item":"https:\/\/cl.ge-sporttrade.de\/en\/shop\/"},{"@type":"ListItem","position":3,"name":"Maverik Axiom Vertex Women Lacrosse Complete Stick"}]},{"@type":"WebSite","@id":"https:\/\/cl.ge-sporttrade.de\/#website","url":"https:\/\/cl.ge-sporttrade.de\/","name":"Captain-Lax - The European Lacrosse Shop","description":"Warrior Lacrosse, Harrow, Brine, Bike - captain-lax.com","potentialAction":[{"@type":"SearchAction","target":{"@type":"EntryPoint","urlTemplate":"https:\/\/cl.ge-sporttrade.de\/?s={search_term_string}"},"query-input":{"@type":"PropertyValueSpecification","valueRequired":true,"valueName":"search_term_string"}}],"inLanguage":"en-US"}]}},"brands":[{"id":14954,"name":"Maverik","slug":"maverik"}],"_links":{"self":[{"href":"https:\/\/cl.ge-sporttrade.de\/en\/wp-json\/wp\/v2\/product\/72248","targetHints":{"allow":["GET"]}}],"collection":[{"href":"https:\/\/cl.ge-sporttrade.de\/en\/wp-json\/wp\/v2\/product"}],"about":[{"href":"https:\/\/cl.ge-sporttrade.de\/en\/wp-json\/wp\/v2\/types\/product"}],"wp:featuredmedia":[{"embeddable":true,"href":"https:\/\/cl.ge-sporttrade.de\/en\/wp-json\/wp\/v2\/media\/169842"}],"wp:attachment":[{"href":"https:\/\/cl.ge-sporttrade.de\/en\/wp-json\/wp\/v2\/media?parent=72248"}],"wp:term":[{"taxonomy":"pwb-brand","embeddable":true,"href":"https:\/\/cl.ge-sporttrade.de\/en\/wp-json\/wp\/v2\/pwb-brand?post=72248"},{"taxonomy":"product_brand","embeddable":true,"href":"https:\/\/cl.ge-sporttrade.de\/en\/wp-json\/wp\/v2\/product_brand?post=72248"},{"taxonomy":"product_cat","embeddable":true,"href":"https:\/\/cl.ge-sporttrade.de\/en\/wp-json\/wp\/v2\/product_cat?post=72248"},{"taxonomy":"product_tag","embeddable":true,"href":"https:\/\/cl.ge-sporttrade.de\/en\/wp-json\/wp\/v2\/product_tag?post=72248"}],"curies":[{"name":"wp","href":"https:\/\/api.w.org\/{rel}","templated":true}]}}