{"id":72324,"date":"2023-05-31T00:00:00","date_gmt":"2023-05-31T00:00:00","guid":{"rendered":""},"modified":"2023-06-22T12:11:19","modified_gmt":"2023-06-22T12:11:19","slug":"stx_axxis_women_lacrosse_complete_stick_crux_pro_mesh_oaxis-cs","status":"publish","type":"product","link":"https:\/\/cl.ge-sporttrade.de\/en\/stx_axxis_women_lacrosse_complete_stick_crux_pro_mesh_oaxis-cs\/","title":{"rendered":"STX Axxis Women Lacrosse Complete Stick Crux Pro Mesh"},"content":{"rendered":"<p>The <b>STX Axxis Women Lacrosse Complete Stick Crux Pro Mesh<\/b> is the first head ever to be designed specifically for the draw specialist<\/p>\n<p>Advantages of the <b>STX Axxis Women Lacrosse Complete Stick Crux Pro Mesh<\/b>:<\/p>\n<ul>\n<li>The Draw Claw &#8482; technology gets hold of the ball in a natural way<\/li>\n<li>The unique form of the head nests within the opponents head during the draw for better ball control<\/li>\n<li>Speed Scoop &#8482; for strength and stiffness during ground balls<\/li>\n<li>Shortened neck for better maneuverability of the head<\/li>\n<li>10-degree technology<\/li>\n<\/ul>\n","protected":false},"excerpt":{"rendered":"<p>The STX Axxis Women Lacrosse Complete Stick Crux Pro Mesh is the first head ever to be designed specifically for the draw specialist Advantages of the STX Axxis Women Lacrosse Complete Stick Crux Pro Mesh: The Draw Claw &#8482; technology gets hold of the ball in a natural way The [&hellip;]<\/p>\n","protected":false},"featured_media":233398,"template":"","meta":[],"pwb-brand":[14962],"product_brand":[],"product_cat":[5377,5375,5373],"product_tag":[],"class_list":{"0":"post-72324","1":"product","2":"type-product","3":"status-publish","4":"has-post-thumbnail","6":"pwb-brand-stx","7":"product_cat-lax_complete_sticks_women_en_US","8":"product_cat-lax_sticks_women_en_US","9":"product_cat-lax_womens_lacrosse_en_US","10":"pa_woosap_zolltarifnummer-9506-9190-000-en","12":"first","13":"instock","14":"taxable","15":"shipping-taxable","16":"purchasable","17":"product-type-variable"},"yoast_head":"<!-- This site is optimized with the Yoast SEO plugin v27.2 - https:\/\/yoast.com\/product\/yoast-seo-wordpress\/ -->\n<title>STX Axxis Women Lacrosse Complete Stick Crux Pro Mesh - Captain-Lax - The European Lacrosse Shop<\/title>\n<meta name=\"description\" content=\"STX Axxis Frauen Lacrosse Schl\u00e4ger Crux Pro Mesh - Der STX Axxis Frauen Lacrosse Schl\u00e4ger Crux Pro Mesh ist der allererste Head, der speziell f\u00fcr den Draw Spezialisten entwickelt w...\" \/>\n<meta name=\"robots\" content=\"noindex, follow, max-snippet:-1, max-image-preview:large, max-video-preview:-1\" \/>\n<meta property=\"og:locale\" content=\"en_US\" \/>\n<meta property=\"og:type\" content=\"article\" \/>\n<meta property=\"og:title\" content=\"STX Axxis Women Lacrosse Complete Stick Crux Pro Mesh - Captain-Lax - The European Lacrosse Shop\" \/>\n<meta property=\"og:description\" content=\"STX Axxis Frauen Lacrosse Schl\u00e4ger Crux Pro Mesh - Der STX Axxis Frauen Lacrosse Schl\u00e4ger Crux Pro Mesh ist der allererste Head, der speziell f\u00fcr den Draw Spezialisten entwickelt w...\" \/>\n<meta property=\"og:url\" content=\"https:\/\/cl.ge-sporttrade.de\/en\/STX_Axxis_Women_Lacrosse_Complete_Stick_Crux_Pro_Mesh_oAXIS-CS\/\" \/>\n<meta property=\"og:site_name\" content=\"Captain-Lax - The European Lacrosse Shop\" \/>\n<meta property=\"article:modified_time\" content=\"2023-06-22T12:11:19+00:00\" \/>\n<meta property=\"og:image\" content=\"https:\/\/cl.ge-sporttrade.de\/wp-content\/uploads\/2023\/03\/04e26598da2444a4cfaacd78b270a442a5ae8bcb_stx_axxis_frauen_lacrosse_schlger_crux_p_o38103.jpg\" \/>\n\t<meta property=\"og:image:width\" content=\"1250\" \/>\n\t<meta property=\"og:image:height\" content=\"1250\" \/>\n\t<meta property=\"og:image:type\" content=\"image\/jpeg\" \/>\n<meta name=\"twitter:card\" content=\"summary_large_image\" \/>\n<script type=\"application\/ld+json\" class=\"yoast-schema-graph\">{\"@context\":\"https:\/\/schema.org\",\"@graph\":[{\"@type\":\"WebPage\",\"@id\":\"https:\/\/cl.ge-sporttrade.de\/en\/STX_Axxis_Women_Lacrosse_Complete_Stick_Crux_Pro_Mesh_oAXIS-CS\/\",\"url\":\"https:\/\/cl.ge-sporttrade.de\/en\/STX_Axxis_Women_Lacrosse_Complete_Stick_Crux_Pro_Mesh_oAXIS-CS\/\",\"name\":\"STX Axxis Women Lacrosse Complete Stick Crux Pro Mesh - Captain-Lax - The European Lacrosse Shop\",\"isPartOf\":{\"@id\":\"https:\/\/cl.ge-sporttrade.de\/#website\"},\"primaryImageOfPage\":{\"@id\":\"https:\/\/cl.ge-sporttrade.de\/en\/STX_Axxis_Women_Lacrosse_Complete_Stick_Crux_Pro_Mesh_oAXIS-CS\/#primaryimage\"},\"image\":{\"@id\":\"https:\/\/cl.ge-sporttrade.de\/en\/STX_Axxis_Women_Lacrosse_Complete_Stick_Crux_Pro_Mesh_oAXIS-CS\/#primaryimage\"},\"thumbnailUrl\":\"https:\/\/cl.ge-sporttrade.de\/wp-content\/uploads\/2023\/05\/dd1515a34c68097e6d259d59197d278cf70f2e6d_stx_axxis_frauen_lacrosse_schlger_crux_p_o38103_0.jpg\",\"datePublished\":\"2023-05-31T00:00:00+00:00\",\"dateModified\":\"2023-06-22T12:11:19+00:00\",\"description\":\"STX Axxis Frauen Lacrosse Schl\u00e4ger Crux Pro Mesh - Der STX Axxis Frauen Lacrosse Schl\u00e4ger Crux Pro Mesh ist der allererste Head, der speziell f\u00fcr den Draw Spezialisten entwickelt w...\",\"breadcrumb\":{\"@id\":\"https:\/\/cl.ge-sporttrade.de\/en\/STX_Axxis_Women_Lacrosse_Complete_Stick_Crux_Pro_Mesh_oAXIS-CS\/#breadcrumb\"},\"inLanguage\":\"en-US\",\"potentialAction\":[{\"@type\":\"ReadAction\",\"target\":[\"https:\/\/cl.ge-sporttrade.de\/en\/STX_Axxis_Women_Lacrosse_Complete_Stick_Crux_Pro_Mesh_oAXIS-CS\/\"]}]},{\"@type\":\"ImageObject\",\"inLanguage\":\"en-US\",\"@id\":\"https:\/\/cl.ge-sporttrade.de\/en\/STX_Axxis_Women_Lacrosse_Complete_Stick_Crux_Pro_Mesh_oAXIS-CS\/#primaryimage\",\"url\":\"https:\/\/cl.ge-sporttrade.de\/wp-content\/uploads\/2023\/05\/dd1515a34c68097e6d259d59197d278cf70f2e6d_stx_axxis_frauen_lacrosse_schlger_crux_p_o38103_0.jpg\",\"contentUrl\":\"https:\/\/cl.ge-sporttrade.de\/wp-content\/uploads\/2023\/05\/dd1515a34c68097e6d259d59197d278cf70f2e6d_stx_axxis_frauen_lacrosse_schlger_crux_p_o38103_0.jpg\",\"width\":1250,\"height\":1250},{\"@type\":\"BreadcrumbList\",\"@id\":\"https:\/\/cl.ge-sporttrade.de\/en\/STX_Axxis_Women_Lacrosse_Complete_Stick_Crux_Pro_Mesh_oAXIS-CS\/#breadcrumb\",\"itemListElement\":[{\"@type\":\"ListItem\",\"position\":1,\"name\":\"Homepage\",\"item\":\"https:\/\/cl.ge-sporttrade.de\/en\/home-page\/\"},{\"@type\":\"ListItem\",\"position\":2,\"name\":\"Shop\",\"item\":\"https:\/\/cl.ge-sporttrade.de\/en\/shop\/\"},{\"@type\":\"ListItem\",\"position\":3,\"name\":\"STX Axxis Women Lacrosse Complete Stick Crux Pro Mesh\"}]},{\"@type\":\"WebSite\",\"@id\":\"https:\/\/cl.ge-sporttrade.de\/#website\",\"url\":\"https:\/\/cl.ge-sporttrade.de\/\",\"name\":\"Captain-Lax - The European Lacrosse Shop\",\"description\":\"Warrior Lacrosse, Harrow, Brine, Bike - captain-lax.com\",\"potentialAction\":[{\"@type\":\"SearchAction\",\"target\":{\"@type\":\"EntryPoint\",\"urlTemplate\":\"https:\/\/cl.ge-sporttrade.de\/?s={search_term_string}\"},\"query-input\":{\"@type\":\"PropertyValueSpecification\",\"valueRequired\":true,\"valueName\":\"search_term_string\"}}],\"inLanguage\":\"en-US\"}]}<\/script>\n<!-- \/ Yoast SEO plugin. -->","yoast_head_json":{"title":"STX Axxis Women Lacrosse Complete Stick Crux Pro Mesh - Captain-Lax - The European Lacrosse Shop","description":"STX Axxis Frauen Lacrosse Schl\u00e4ger Crux Pro Mesh - Der STX Axxis Frauen Lacrosse Schl\u00e4ger Crux Pro Mesh ist der allererste Head, der speziell f\u00fcr den Draw Spezialisten entwickelt w...","robots":{"index":"noindex","follow":"follow","max-snippet":"max-snippet:-1","max-image-preview":"max-image-preview:large","max-video-preview":"max-video-preview:-1"},"og_locale":"en_US","og_type":"article","og_title":"STX Axxis Women Lacrosse Complete Stick Crux Pro Mesh - Captain-Lax - The European Lacrosse Shop","og_description":"STX Axxis Frauen Lacrosse Schl\u00e4ger Crux Pro Mesh - Der STX Axxis Frauen Lacrosse Schl\u00e4ger Crux Pro Mesh ist der allererste Head, der speziell f\u00fcr den Draw Spezialisten entwickelt w...","og_url":"https:\/\/cl.ge-sporttrade.de\/en\/STX_Axxis_Women_Lacrosse_Complete_Stick_Crux_Pro_Mesh_oAXIS-CS\/","og_site_name":"Captain-Lax - The European Lacrosse Shop","article_modified_time":"2023-06-22T12:11:19+00:00","og_image":[{"width":1250,"height":1250,"url":"https:\/\/cl.ge-sporttrade.de\/wp-content\/uploads\/2023\/03\/04e26598da2444a4cfaacd78b270a442a5ae8bcb_stx_axxis_frauen_lacrosse_schlger_crux_p_o38103.jpg","type":"image\/jpeg"}],"twitter_card":"summary_large_image","schema":{"@context":"https:\/\/schema.org","@graph":[{"@type":"WebPage","@id":"https:\/\/cl.ge-sporttrade.de\/en\/STX_Axxis_Women_Lacrosse_Complete_Stick_Crux_Pro_Mesh_oAXIS-CS\/","url":"https:\/\/cl.ge-sporttrade.de\/en\/STX_Axxis_Women_Lacrosse_Complete_Stick_Crux_Pro_Mesh_oAXIS-CS\/","name":"STX Axxis Women Lacrosse Complete Stick Crux Pro Mesh - Captain-Lax - The European Lacrosse Shop","isPartOf":{"@id":"https:\/\/cl.ge-sporttrade.de\/#website"},"primaryImageOfPage":{"@id":"https:\/\/cl.ge-sporttrade.de\/en\/STX_Axxis_Women_Lacrosse_Complete_Stick_Crux_Pro_Mesh_oAXIS-CS\/#primaryimage"},"image":{"@id":"https:\/\/cl.ge-sporttrade.de\/en\/STX_Axxis_Women_Lacrosse_Complete_Stick_Crux_Pro_Mesh_oAXIS-CS\/#primaryimage"},"thumbnailUrl":"https:\/\/cl.ge-sporttrade.de\/wp-content\/uploads\/2023\/05\/dd1515a34c68097e6d259d59197d278cf70f2e6d_stx_axxis_frauen_lacrosse_schlger_crux_p_o38103_0.jpg","datePublished":"2023-05-31T00:00:00+00:00","dateModified":"2023-06-22T12:11:19+00:00","description":"STX Axxis Frauen Lacrosse Schl\u00e4ger Crux Pro Mesh - Der STX Axxis Frauen Lacrosse Schl\u00e4ger Crux Pro Mesh ist der allererste Head, der speziell f\u00fcr den Draw Spezialisten entwickelt w...","breadcrumb":{"@id":"https:\/\/cl.ge-sporttrade.de\/en\/STX_Axxis_Women_Lacrosse_Complete_Stick_Crux_Pro_Mesh_oAXIS-CS\/#breadcrumb"},"inLanguage":"en-US","potentialAction":[{"@type":"ReadAction","target":["https:\/\/cl.ge-sporttrade.de\/en\/STX_Axxis_Women_Lacrosse_Complete_Stick_Crux_Pro_Mesh_oAXIS-CS\/"]}]},{"@type":"ImageObject","inLanguage":"en-US","@id":"https:\/\/cl.ge-sporttrade.de\/en\/STX_Axxis_Women_Lacrosse_Complete_Stick_Crux_Pro_Mesh_oAXIS-CS\/#primaryimage","url":"https:\/\/cl.ge-sporttrade.de\/wp-content\/uploads\/2023\/05\/dd1515a34c68097e6d259d59197d278cf70f2e6d_stx_axxis_frauen_lacrosse_schlger_crux_p_o38103_0.jpg","contentUrl":"https:\/\/cl.ge-sporttrade.de\/wp-content\/uploads\/2023\/05\/dd1515a34c68097e6d259d59197d278cf70f2e6d_stx_axxis_frauen_lacrosse_schlger_crux_p_o38103_0.jpg","width":1250,"height":1250},{"@type":"BreadcrumbList","@id":"https:\/\/cl.ge-sporttrade.de\/en\/STX_Axxis_Women_Lacrosse_Complete_Stick_Crux_Pro_Mesh_oAXIS-CS\/#breadcrumb","itemListElement":[{"@type":"ListItem","position":1,"name":"Homepage","item":"https:\/\/cl.ge-sporttrade.de\/en\/home-page\/"},{"@type":"ListItem","position":2,"name":"Shop","item":"https:\/\/cl.ge-sporttrade.de\/en\/shop\/"},{"@type":"ListItem","position":3,"name":"STX Axxis Women Lacrosse Complete Stick Crux Pro Mesh"}]},{"@type":"WebSite","@id":"https:\/\/cl.ge-sporttrade.de\/#website","url":"https:\/\/cl.ge-sporttrade.de\/","name":"Captain-Lax - The European Lacrosse Shop","description":"Warrior Lacrosse, Harrow, Brine, Bike - captain-lax.com","potentialAction":[{"@type":"SearchAction","target":{"@type":"EntryPoint","urlTemplate":"https:\/\/cl.ge-sporttrade.de\/?s={search_term_string}"},"query-input":{"@type":"PropertyValueSpecification","valueRequired":true,"valueName":"search_term_string"}}],"inLanguage":"en-US"}]}},"brands":[{"id":14962,"name":"STX","slug":"stx"}],"_links":{"self":[{"href":"https:\/\/cl.ge-sporttrade.de\/en\/wp-json\/wp\/v2\/product\/72324","targetHints":{"allow":["GET"]}}],"collection":[{"href":"https:\/\/cl.ge-sporttrade.de\/en\/wp-json\/wp\/v2\/product"}],"about":[{"href":"https:\/\/cl.ge-sporttrade.de\/en\/wp-json\/wp\/v2\/types\/product"}],"wp:featuredmedia":[{"embeddable":true,"href":"https:\/\/cl.ge-sporttrade.de\/en\/wp-json\/wp\/v2\/media\/233398"}],"wp:attachment":[{"href":"https:\/\/cl.ge-sporttrade.de\/en\/wp-json\/wp\/v2\/media?parent=72324"}],"wp:term":[{"taxonomy":"pwb-brand","embeddable":true,"href":"https:\/\/cl.ge-sporttrade.de\/en\/wp-json\/wp\/v2\/pwb-brand?post=72324"},{"taxonomy":"product_brand","embeddable":true,"href":"https:\/\/cl.ge-sporttrade.de\/en\/wp-json\/wp\/v2\/product_brand?post=72324"},{"taxonomy":"product_cat","embeddable":true,"href":"https:\/\/cl.ge-sporttrade.de\/en\/wp-json\/wp\/v2\/product_cat?post=72324"},{"taxonomy":"product_tag","embeddable":true,"href":"https:\/\/cl.ge-sporttrade.de\/en\/wp-json\/wp\/v2\/product_tag?post=72324"}],"curies":[{"name":"wp","href":"https:\/\/api.w.org\/{rel}","templated":true}]}}