{"id":73170,"date":"2023-03-12T00:00:00","date_gmt":"2023-03-12T00:00:00","guid":{"rendered":"https:\/\/www.captain-lax.com\/?post_type=product&#038;p=73170"},"modified":"2026-04-01T19:10:15","modified_gmt":"2026-04-01T19:10:15","slug":"stringking_mark_2_women_lacrosse_head_unstrung_offense_osk-itm-mark-offense-2-unst-000","status":"publish","type":"product","link":"https:\/\/cl.ge-sporttrade.de\/en\/stringking_mark_2_women_lacrosse_head_unstrung_offense_osk-itm-mark-offense-2-unst-000\/","title":{"rendered":"StringKing Mark 2 Women Lacrosse Head Unstrung Offense"},"content":{"rendered":"<p>The <b>Women&#8217;s Mark 2 Offense Unstrung<\/b> stands for high quality ball control that safely supports the player in her performance. The Mark 2 Offense Unstrung can be trusted by the player for fast, strong throws when it comes to ball control without rebounding: the sidewall is constructed higher and angled, at the same time the shape is tighter. Especially for offensive players, control over the ball is the most important feature and requires the right head. Another feature is the low weight with strong stiffness. The Mark 2A strikes exactly this balance and not only makes it easier for players to hit more powerful shots, but also offers unbeatable accuracy. The Women&#8217;s Mark 2 Offense Unstrung is no frills, and by its light weight and details created for offensive players.<\/p>\n<p>Advantages of the <b>Women&#8217;s Mark 2 Offense Unstrung<\/b><b><\/b>:<\/p>\n<ul>\n<li>low weight<\/li>\n<li>supports better ball control<\/li>\n<li>enables strong, fast throws<\/li>\n<li>high, angled sidewall<\/li>\n<li>narrow shape<\/li>\n<li>made and designed for offensive players<\/li>\n<\/ul>\n","protected":false},"excerpt":{"rendered":"<p>The Women&#8217;s Mark 2 Offense Unstrung stands for high quality ball control that safely supports the player in her performance. The Mark 2 Offense Unstrung can be trusted by the player for fast, strong throws when it comes to ball control without rebounding: the sidewall is constructed higher and angled, [&hellip;]<\/p>\n","protected":false},"featured_media":145066,"template":"","meta":[],"pwb-brand":[14961],"product_brand":[],"product_cat":[9953,11436,11435,5375,5383,5373],"product_tag":[],"class_list":{"0":"post-73170","1":"product","2":"type-product","3":"status-publish","4":"has-post-thumbnail","6":"pwb-brand-stringking","7":"product_cat-lax_deals","8":"product_cat-lax_neuheiten_en_US","9":"product_cat-lax_deals_en_US","10":"product_cat-lax_sticks_women_en_US","11":"product_cat-lax_unstrung_heads_women_en_US","12":"product_cat-lax_womens_lacrosse_en_US","13":"pa_woosap_zolltarifnummer-9506-9190-000-en","15":"first","16":"instock","17":"sale","18":"taxable","19":"shipping-taxable","20":"purchasable","21":"product-type-variable"},"yoast_head":"<!-- This site is optimized with the Yoast SEO plugin v27.2 - https:\/\/yoast.com\/product\/yoast-seo-wordpress\/ -->\n<title>StringKing Mark 2 Women Lacrosse Head Unstrung Offense - Captain-Lax - The European Lacrosse Shop<\/title>\n<meta name=\"description\" content=\"StringKing Damen Mark 2 Offense Unstrung - Der Damen Mark 2 Offense Unstrung steht f\u00fcr hohe Qualit\u00e4t der Ballkontrolle, die der Spielerin bei ihrer Performance sicher unterst\u00fctzt. ...\" \/>\n<meta name=\"robots\" content=\"noindex, follow, max-snippet:-1, max-image-preview:large, max-video-preview:-1\" \/>\n<meta property=\"og:locale\" content=\"en_US\" \/>\n<meta property=\"og:type\" content=\"article\" \/>\n<meta property=\"og:title\" content=\"StringKing Mark 2 Women Lacrosse Head Unstrung Offense - Captain-Lax - The European Lacrosse Shop\" \/>\n<meta property=\"og:description\" content=\"StringKing Damen Mark 2 Offense Unstrung - Der Damen Mark 2 Offense Unstrung steht f\u00fcr hohe Qualit\u00e4t der Ballkontrolle, die der Spielerin bei ihrer Performance sicher unterst\u00fctzt. ...\" \/>\n<meta property=\"og:url\" content=\"https:\/\/cl.ge-sporttrade.de\/en\/stringking_mark_2_women_lacrosse_head_unstrung_offense_osk-itm-mark-offense-2-unst-000\/\" \/>\n<meta property=\"og:site_name\" content=\"Captain-Lax - The European Lacrosse Shop\" \/>\n<meta property=\"article:modified_time\" content=\"2026-04-01T19:10:15+00:00\" \/>\n<meta property=\"og:image\" content=\"https:\/\/cl.ge-sporttrade.de\/wp-content\/uploads\/2023\/03\/72609885432b6377831edeaba5c53caae5316c07_stringking_damen_mark_2_offense_unstrung_o41935.jpg\" \/>\n\t<meta property=\"og:image:width\" content=\"1250\" \/>\n\t<meta property=\"og:image:height\" content=\"1250\" \/>\n\t<meta property=\"og:image:type\" content=\"image\/jpeg\" \/>\n<meta name=\"twitter:card\" content=\"summary_large_image\" \/>\n<meta name=\"twitter:label1\" content=\"Est. reading time\" \/>\n\t<meta name=\"twitter:data1\" content=\"1 minute\" \/>\n<script type=\"application\/ld+json\" class=\"yoast-schema-graph\">{\"@context\":\"https:\/\/schema.org\",\"@graph\":[{\"@type\":\"WebPage\",\"@id\":\"https:\/\/cl.ge-sporttrade.de\/en\/stringking_mark_2_women_lacrosse_head_unstrung_offense_osk-itm-mark-offense-2-unst-000\/\",\"url\":\"https:\/\/cl.ge-sporttrade.de\/en\/stringking_mark_2_women_lacrosse_head_unstrung_offense_osk-itm-mark-offense-2-unst-000\/\",\"name\":\"StringKing Mark 2 Women Lacrosse Head Unstrung Offense - Captain-Lax - The European Lacrosse Shop\",\"isPartOf\":{\"@id\":\"https:\/\/cl.ge-sporttrade.de\/#website\"},\"primaryImageOfPage\":{\"@id\":\"https:\/\/cl.ge-sporttrade.de\/en\/stringking_mark_2_women_lacrosse_head_unstrung_offense_osk-itm-mark-offense-2-unst-000\/#primaryimage\"},\"image\":{\"@id\":\"https:\/\/cl.ge-sporttrade.de\/en\/stringking_mark_2_women_lacrosse_head_unstrung_offense_osk-itm-mark-offense-2-unst-000\/#primaryimage\"},\"thumbnailUrl\":\"https:\/\/cl.ge-sporttrade.de\/wp-content\/uploads\/2023\/03\/72609885432b6377831edeaba5c53caae5316c07_stringking_damen_mark_2_offense_unstrung_o41935.jpg\",\"datePublished\":\"2023-03-12T00:00:00+00:00\",\"dateModified\":\"2026-04-01T19:10:15+00:00\",\"description\":\"StringKing Damen Mark 2 Offense Unstrung - Der Damen Mark 2 Offense Unstrung steht f\u00fcr hohe Qualit\u00e4t der Ballkontrolle, die der Spielerin bei ihrer Performance sicher unterst\u00fctzt. ...\",\"breadcrumb\":{\"@id\":\"https:\/\/cl.ge-sporttrade.de\/en\/stringking_mark_2_women_lacrosse_head_unstrung_offense_osk-itm-mark-offense-2-unst-000\/#breadcrumb\"},\"inLanguage\":\"en-US\",\"potentialAction\":[{\"@type\":\"ReadAction\",\"target\":[\"https:\/\/cl.ge-sporttrade.de\/en\/stringking_mark_2_women_lacrosse_head_unstrung_offense_osk-itm-mark-offense-2-unst-000\/\"]}]},{\"@type\":\"ImageObject\",\"inLanguage\":\"en-US\",\"@id\":\"https:\/\/cl.ge-sporttrade.de\/en\/stringking_mark_2_women_lacrosse_head_unstrung_offense_osk-itm-mark-offense-2-unst-000\/#primaryimage\",\"url\":\"https:\/\/cl.ge-sporttrade.de\/wp-content\/uploads\/2023\/03\/72609885432b6377831edeaba5c53caae5316c07_stringking_damen_mark_2_offense_unstrung_o41935.jpg\",\"contentUrl\":\"https:\/\/cl.ge-sporttrade.de\/wp-content\/uploads\/2023\/03\/72609885432b6377831edeaba5c53caae5316c07_stringking_damen_mark_2_offense_unstrung_o41935.jpg\",\"width\":1250,\"height\":1250},{\"@type\":\"BreadcrumbList\",\"@id\":\"https:\/\/cl.ge-sporttrade.de\/en\/stringking_mark_2_women_lacrosse_head_unstrung_offense_osk-itm-mark-offense-2-unst-000\/#breadcrumb\",\"itemListElement\":[{\"@type\":\"ListItem\",\"position\":1,\"name\":\"Homepage\",\"item\":\"https:\/\/cl.ge-sporttrade.de\/en\/home-page\/\"},{\"@type\":\"ListItem\",\"position\":2,\"name\":\"Shop\",\"item\":\"https:\/\/cl.ge-sporttrade.de\/en\/shop\/\"},{\"@type\":\"ListItem\",\"position\":3,\"name\":\"StringKing Mark 2 Women Lacrosse Head Unstrung Offense\"}]},{\"@type\":\"WebSite\",\"@id\":\"https:\/\/cl.ge-sporttrade.de\/#website\",\"url\":\"https:\/\/cl.ge-sporttrade.de\/\",\"name\":\"Captain-Lax - The European Lacrosse Shop\",\"description\":\"Warrior Lacrosse, Harrow, Brine, Bike - captain-lax.com\",\"potentialAction\":[{\"@type\":\"SearchAction\",\"target\":{\"@type\":\"EntryPoint\",\"urlTemplate\":\"https:\/\/cl.ge-sporttrade.de\/?s={search_term_string}\"},\"query-input\":{\"@type\":\"PropertyValueSpecification\",\"valueRequired\":true,\"valueName\":\"search_term_string\"}}],\"inLanguage\":\"en-US\"}]}<\/script>\n<!-- \/ Yoast SEO plugin. -->","yoast_head_json":{"title":"StringKing Mark 2 Women Lacrosse Head Unstrung Offense - Captain-Lax - The European Lacrosse Shop","description":"StringKing Damen Mark 2 Offense Unstrung - Der Damen Mark 2 Offense Unstrung steht f\u00fcr hohe Qualit\u00e4t der Ballkontrolle, die der Spielerin bei ihrer Performance sicher unterst\u00fctzt. ...","robots":{"index":"noindex","follow":"follow","max-snippet":"max-snippet:-1","max-image-preview":"max-image-preview:large","max-video-preview":"max-video-preview:-1"},"og_locale":"en_US","og_type":"article","og_title":"StringKing Mark 2 Women Lacrosse Head Unstrung Offense - Captain-Lax - The European Lacrosse Shop","og_description":"StringKing Damen Mark 2 Offense Unstrung - Der Damen Mark 2 Offense Unstrung steht f\u00fcr hohe Qualit\u00e4t der Ballkontrolle, die der Spielerin bei ihrer Performance sicher unterst\u00fctzt. ...","og_url":"https:\/\/cl.ge-sporttrade.de\/en\/stringking_mark_2_women_lacrosse_head_unstrung_offense_osk-itm-mark-offense-2-unst-000\/","og_site_name":"Captain-Lax - The European Lacrosse Shop","article_modified_time":"2026-04-01T19:10:15+00:00","og_image":[{"width":1250,"height":1250,"url":"https:\/\/cl.ge-sporttrade.de\/wp-content\/uploads\/2023\/03\/72609885432b6377831edeaba5c53caae5316c07_stringking_damen_mark_2_offense_unstrung_o41935.jpg","type":"image\/jpeg"}],"twitter_card":"summary_large_image","twitter_misc":{"Est. reading time":"1 minute"},"schema":{"@context":"https:\/\/schema.org","@graph":[{"@type":"WebPage","@id":"https:\/\/cl.ge-sporttrade.de\/en\/stringking_mark_2_women_lacrosse_head_unstrung_offense_osk-itm-mark-offense-2-unst-000\/","url":"https:\/\/cl.ge-sporttrade.de\/en\/stringking_mark_2_women_lacrosse_head_unstrung_offense_osk-itm-mark-offense-2-unst-000\/","name":"StringKing Mark 2 Women Lacrosse Head Unstrung Offense - Captain-Lax - The European Lacrosse Shop","isPartOf":{"@id":"https:\/\/cl.ge-sporttrade.de\/#website"},"primaryImageOfPage":{"@id":"https:\/\/cl.ge-sporttrade.de\/en\/stringking_mark_2_women_lacrosse_head_unstrung_offense_osk-itm-mark-offense-2-unst-000\/#primaryimage"},"image":{"@id":"https:\/\/cl.ge-sporttrade.de\/en\/stringking_mark_2_women_lacrosse_head_unstrung_offense_osk-itm-mark-offense-2-unst-000\/#primaryimage"},"thumbnailUrl":"https:\/\/cl.ge-sporttrade.de\/wp-content\/uploads\/2023\/03\/72609885432b6377831edeaba5c53caae5316c07_stringking_damen_mark_2_offense_unstrung_o41935.jpg","datePublished":"2023-03-12T00:00:00+00:00","dateModified":"2026-04-01T19:10:15+00:00","description":"StringKing Damen Mark 2 Offense Unstrung - Der Damen Mark 2 Offense Unstrung steht f\u00fcr hohe Qualit\u00e4t der Ballkontrolle, die der Spielerin bei ihrer Performance sicher unterst\u00fctzt. ...","breadcrumb":{"@id":"https:\/\/cl.ge-sporttrade.de\/en\/stringking_mark_2_women_lacrosse_head_unstrung_offense_osk-itm-mark-offense-2-unst-000\/#breadcrumb"},"inLanguage":"en-US","potentialAction":[{"@type":"ReadAction","target":["https:\/\/cl.ge-sporttrade.de\/en\/stringking_mark_2_women_lacrosse_head_unstrung_offense_osk-itm-mark-offense-2-unst-000\/"]}]},{"@type":"ImageObject","inLanguage":"en-US","@id":"https:\/\/cl.ge-sporttrade.de\/en\/stringking_mark_2_women_lacrosse_head_unstrung_offense_osk-itm-mark-offense-2-unst-000\/#primaryimage","url":"https:\/\/cl.ge-sporttrade.de\/wp-content\/uploads\/2023\/03\/72609885432b6377831edeaba5c53caae5316c07_stringking_damen_mark_2_offense_unstrung_o41935.jpg","contentUrl":"https:\/\/cl.ge-sporttrade.de\/wp-content\/uploads\/2023\/03\/72609885432b6377831edeaba5c53caae5316c07_stringking_damen_mark_2_offense_unstrung_o41935.jpg","width":1250,"height":1250},{"@type":"BreadcrumbList","@id":"https:\/\/cl.ge-sporttrade.de\/en\/stringking_mark_2_women_lacrosse_head_unstrung_offense_osk-itm-mark-offense-2-unst-000\/#breadcrumb","itemListElement":[{"@type":"ListItem","position":1,"name":"Homepage","item":"https:\/\/cl.ge-sporttrade.de\/en\/home-page\/"},{"@type":"ListItem","position":2,"name":"Shop","item":"https:\/\/cl.ge-sporttrade.de\/en\/shop\/"},{"@type":"ListItem","position":3,"name":"StringKing Mark 2 Women Lacrosse Head Unstrung Offense"}]},{"@type":"WebSite","@id":"https:\/\/cl.ge-sporttrade.de\/#website","url":"https:\/\/cl.ge-sporttrade.de\/","name":"Captain-Lax - The European Lacrosse Shop","description":"Warrior Lacrosse, Harrow, Brine, Bike - captain-lax.com","potentialAction":[{"@type":"SearchAction","target":{"@type":"EntryPoint","urlTemplate":"https:\/\/cl.ge-sporttrade.de\/?s={search_term_string}"},"query-input":{"@type":"PropertyValueSpecification","valueRequired":true,"valueName":"search_term_string"}}],"inLanguage":"en-US"}]}},"brands":[{"id":14961,"name":"StringKing","slug":"stringking"}],"_links":{"self":[{"href":"https:\/\/cl.ge-sporttrade.de\/en\/wp-json\/wp\/v2\/product\/73170","targetHints":{"allow":["GET"]}}],"collection":[{"href":"https:\/\/cl.ge-sporttrade.de\/en\/wp-json\/wp\/v2\/product"}],"about":[{"href":"https:\/\/cl.ge-sporttrade.de\/en\/wp-json\/wp\/v2\/types\/product"}],"wp:featuredmedia":[{"embeddable":true,"href":"https:\/\/cl.ge-sporttrade.de\/en\/wp-json\/wp\/v2\/media\/145066"}],"wp:attachment":[{"href":"https:\/\/cl.ge-sporttrade.de\/en\/wp-json\/wp\/v2\/media?parent=73170"}],"wp:term":[{"taxonomy":"pwb-brand","embeddable":true,"href":"https:\/\/cl.ge-sporttrade.de\/en\/wp-json\/wp\/v2\/pwb-brand?post=73170"},{"taxonomy":"product_brand","embeddable":true,"href":"https:\/\/cl.ge-sporttrade.de\/en\/wp-json\/wp\/v2\/product_brand?post=73170"},{"taxonomy":"product_cat","embeddable":true,"href":"https:\/\/cl.ge-sporttrade.de\/en\/wp-json\/wp\/v2\/product_cat?post=73170"},{"taxonomy":"product_tag","embeddable":true,"href":"https:\/\/cl.ge-sporttrade.de\/en\/wp-json\/wp\/v2\/product_tag?post=73170"}],"curies":[{"name":"wp","href":"https:\/\/api.w.org\/{rel}","templated":true}]}}