{"id":80162,"date":"2023-03-11T00:00:00","date_gmt":"2023-03-11T00:00:00","guid":{"rendered":""},"modified":"2026-04-01T19:10:06","modified_gmt":"2026-04-01T19:10:06","slug":"sisu_1_6_aero_next_gen_mouthguard_lacrosse_osi-m16","status":"publish","type":"product","link":"https:\/\/cl.ge-sporttrade.de\/en\/sisu_1_6_aero_next_gen_mouthguard_lacrosse_osi-m16\/","title":{"rendered":"SISU 1.6 AERO Next Gen Mouthguard Lacrosse"},"content":{"rendered":"<p>The <b>SISU Next Gen 1.6 AERO Mouthguard<\/b> does not only provide an excellent functionality as well as quality but also even more protection than its predecessor model.<\/p>\n<p>Advantages of the <b>SISU Next Gen 1.6 AERO Mouthguard<\/b>:<\/p>\n<ul>\n<li>Small\/Medium: 1.6mm thick, Large: 2.0mm thick<\/li>\n<li>Size S: up to 150 cm\/5\u2032 large; size M: 150-180 cm\/5-6\u2032 large, size L: 180 cm\/6\u2032 large<\/li>\n<li>Size S is only for kids and people with small jaws<\/li>\n<li>recommended for ages 11 and up<\/li>\n<li>perfectly suitable for lacrosse players<\/li>\n<li>offers an excellent comfort<\/li>\n<li>provides 30% more protection than regular mouthguards<\/li>\n<li>more protection than predecessor model thanks to the newly designed perforation pattern<\/li>\n<li>adapts perfectly to your teeth for ideal individual fit<\/li>\n<li>equipped with a wider bite pad<\/li>\n<li>features rounded edges<\/li>\n<li>problem-free breathing, speaking and drinking<\/li>\n<li>also suitable for braces<\/li>\n<li>free from BPA, Latex, PVC and Phthalate<\/li>\n<li>material is CE approved<\/li>\n<\/ul>\n","protected":false},"excerpt":{"rendered":"<p>The SISU Next Gen 1.6 AERO Mouthguard does not only provide an excellent functionality as well as quality but also even more protection than its predecessor model. Advantages of the SISU Next Gen 1.6 AERO Mouthguard: Small\/Medium: 1.6mm thick, Large: 2.0mm thick Size S: up to 150 cm\/5\u2032 large; size [&hellip;]<\/p>\n","protected":false},"featured_media":641863,"template":"","meta":[],"pwb-brand":[14960],"product_brand":[],"product_cat":[9953,5319,5341,5397,5337,5391,11435,11089,11325,11198,5373],"product_tag":[],"class_list":{"0":"post-80162","1":"product","2":"type-product","3":"status-publish","4":"has-post-thumbnail","6":"pwb-brand-sisu","7":"product_cat-lax_deals","8":"product_cat-mens_lacrosse_en_US","9":"product_cat-lax_protection_mouthguards_men_en_US","10":"product_cat-lax_protection_mouthguards_women_en_US","11":"product_cat-lax_protection_men_en_US","12":"product_cat-lax_protection_women_en_US","13":"product_cat-lax_deals_en_US","14":"product_cat-topseller_lacrosse_mouthguards_men_en_US","15":"product_cat-topseller_lacrosse_mothguards_women_en_US","16":"product_cat-topseller_lacrosse_protection_men_en_US","17":"product_cat-lax_womens_lacrosse_en_US","18":"pa_lax_filter_groessenfamilie-s_en_gb","19":"pa_woosap_zolltarifnummer-9506-9190-000-en","21":"first","22":"instock","23":"sale","24":"taxable","25":"shipping-taxable","26":"purchasable","27":"product-type-variable"},"yoast_head":"<!-- This site is optimized with the Yoast SEO plugin v27.2 - https:\/\/yoast.com\/product\/yoast-seo-wordpress\/ -->\n<title>SISU 1.6 AERO Next Gen Mouthguard Lacrosse - Captain-Lax - The European Lacrosse Shop<\/title>\n<meta name=\"description\" content=\"SISU 1.6 AERO Next Gen Mouthguard Lacrosse - Der SISU Next Gen 1.6 AERO Mundschutz bietet neben seiner unvergleichlichen Qualit\u00e4t und Funktionalit\u00e4t einen noch h\u00f6heren Schutz...\" \/>\n<meta name=\"robots\" content=\"noindex, follow, max-snippet:-1, max-image-preview:large, max-video-preview:-1\" \/>\n<meta property=\"og:locale\" content=\"en_US\" \/>\n<meta property=\"og:type\" content=\"article\" \/>\n<meta property=\"og:title\" content=\"SISU 1.6 AERO Next Gen Mouthguard Lacrosse - Captain-Lax - The European Lacrosse Shop\" \/>\n<meta property=\"og:description\" content=\"SISU 1.6 AERO Next Gen Mouthguard Lacrosse - Der SISU Next Gen 1.6 AERO Mundschutz bietet neben seiner unvergleichlichen Qualit\u00e4t und Funktionalit\u00e4t einen noch h\u00f6heren Schutz...\" \/>\n<meta property=\"og:url\" content=\"https:\/\/cl.ge-sporttrade.de\/en\/sisu_1_6_aero_next_gen_mouthguard_lacrosse_osi-m16\/\" \/>\n<meta property=\"og:site_name\" content=\"Captain-Lax - The European Lacrosse Shop\" \/>\n<meta property=\"article:modified_time\" content=\"2026-04-01T19:10:06+00:00\" \/>\n<meta property=\"og:image\" content=\"https:\/\/cl.ge-sporttrade.de\/wp-content\/uploads\/2025\/03\/e29c08894ea75ea9f96027fe62d1f7cd1574d6e5_SS_AERO_S16_RB_1.jpg\" \/>\n\t<meta property=\"og:image:width\" content=\"1250\" \/>\n\t<meta property=\"og:image:height\" content=\"1250\" \/>\n\t<meta property=\"og:image:type\" content=\"image\/jpeg\" \/>\n<meta name=\"twitter:card\" content=\"summary_large_image\" \/>\n<meta name=\"twitter:label1\" content=\"Est. reading time\" \/>\n\t<meta name=\"twitter:data1\" content=\"1 minute\" \/>\n<script type=\"application\/ld+json\" class=\"yoast-schema-graph\">{\"@context\":\"https:\/\/schema.org\",\"@graph\":[{\"@type\":\"WebPage\",\"@id\":\"https:\/\/cl.ge-sporttrade.de\/en\/sisu_1_6_aero_next_gen_mouthguard_lacrosse_osi-m16\/\",\"url\":\"https:\/\/cl.ge-sporttrade.de\/en\/sisu_1_6_aero_next_gen_mouthguard_lacrosse_osi-m16\/\",\"name\":\"SISU 1.6 AERO Next Gen Mouthguard Lacrosse - Captain-Lax - The European Lacrosse Shop\",\"isPartOf\":{\"@id\":\"https:\/\/cl.ge-sporttrade.de\/#website\"},\"primaryImageOfPage\":{\"@id\":\"https:\/\/cl.ge-sporttrade.de\/en\/sisu_1_6_aero_next_gen_mouthguard_lacrosse_osi-m16\/#primaryimage\"},\"image\":{\"@id\":\"https:\/\/cl.ge-sporttrade.de\/en\/sisu_1_6_aero_next_gen_mouthguard_lacrosse_osi-m16\/#primaryimage\"},\"thumbnailUrl\":\"https:\/\/cl.ge-sporttrade.de\/wp-content\/uploads\/2025\/03\/e29c08894ea75ea9f96027fe62d1f7cd1574d6e5_SS_AERO_S16_RB_1.jpg\",\"datePublished\":\"2023-03-11T00:00:00+00:00\",\"dateModified\":\"2026-04-01T19:10:06+00:00\",\"description\":\"SISU 1.6 AERO Next Gen Mouthguard Lacrosse - Der SISU Next Gen 1.6 AERO Mundschutz bietet neben seiner unvergleichlichen Qualit\u00e4t und Funktionalit\u00e4t einen noch h\u00f6heren Schutz...\",\"breadcrumb\":{\"@id\":\"https:\/\/cl.ge-sporttrade.de\/en\/sisu_1_6_aero_next_gen_mouthguard_lacrosse_osi-m16\/#breadcrumb\"},\"inLanguage\":\"en-US\",\"potentialAction\":[{\"@type\":\"ReadAction\",\"target\":[\"https:\/\/cl.ge-sporttrade.de\/en\/sisu_1_6_aero_next_gen_mouthguard_lacrosse_osi-m16\/\"]}]},{\"@type\":\"ImageObject\",\"inLanguage\":\"en-US\",\"@id\":\"https:\/\/cl.ge-sporttrade.de\/en\/sisu_1_6_aero_next_gen_mouthguard_lacrosse_osi-m16\/#primaryimage\",\"url\":\"https:\/\/cl.ge-sporttrade.de\/wp-content\/uploads\/2025\/03\/e29c08894ea75ea9f96027fe62d1f7cd1574d6e5_SS_AERO_S16_RB_1.jpg\",\"contentUrl\":\"https:\/\/cl.ge-sporttrade.de\/wp-content\/uploads\/2025\/03\/e29c08894ea75ea9f96027fe62d1f7cd1574d6e5_SS_AERO_S16_RB_1.jpg\",\"width\":1250,\"height\":1250},{\"@type\":\"BreadcrumbList\",\"@id\":\"https:\/\/cl.ge-sporttrade.de\/en\/sisu_1_6_aero_next_gen_mouthguard_lacrosse_osi-m16\/#breadcrumb\",\"itemListElement\":[{\"@type\":\"ListItem\",\"position\":1,\"name\":\"Homepage\",\"item\":\"https:\/\/cl.ge-sporttrade.de\/en\/home-page\/\"},{\"@type\":\"ListItem\",\"position\":2,\"name\":\"Shop\",\"item\":\"https:\/\/cl.ge-sporttrade.de\/en\/shop\/\"},{\"@type\":\"ListItem\",\"position\":3,\"name\":\"SISU 1.6 AERO Next Gen Mouthguard Lacrosse\"}]},{\"@type\":\"WebSite\",\"@id\":\"https:\/\/cl.ge-sporttrade.de\/#website\",\"url\":\"https:\/\/cl.ge-sporttrade.de\/\",\"name\":\"Captain-Lax - The European Lacrosse Shop\",\"description\":\"Warrior Lacrosse, Harrow, Brine, Bike - captain-lax.com\",\"potentialAction\":[{\"@type\":\"SearchAction\",\"target\":{\"@type\":\"EntryPoint\",\"urlTemplate\":\"https:\/\/cl.ge-sporttrade.de\/?s={search_term_string}\"},\"query-input\":{\"@type\":\"PropertyValueSpecification\",\"valueRequired\":true,\"valueName\":\"search_term_string\"}}],\"inLanguage\":\"en-US\"}]}<\/script>\n<!-- \/ Yoast SEO plugin. -->","yoast_head_json":{"title":"SISU 1.6 AERO Next Gen Mouthguard Lacrosse - Captain-Lax - The European Lacrosse Shop","description":"SISU 1.6 AERO Next Gen Mouthguard Lacrosse - Der SISU Next Gen 1.6 AERO Mundschutz bietet neben seiner unvergleichlichen Qualit\u00e4t und Funktionalit\u00e4t einen noch h\u00f6heren Schutz...","robots":{"index":"noindex","follow":"follow","max-snippet":"max-snippet:-1","max-image-preview":"max-image-preview:large","max-video-preview":"max-video-preview:-1"},"og_locale":"en_US","og_type":"article","og_title":"SISU 1.6 AERO Next Gen Mouthguard Lacrosse - Captain-Lax - The European Lacrosse Shop","og_description":"SISU 1.6 AERO Next Gen Mouthguard Lacrosse - Der SISU Next Gen 1.6 AERO Mundschutz bietet neben seiner unvergleichlichen Qualit\u00e4t und Funktionalit\u00e4t einen noch h\u00f6heren Schutz...","og_url":"https:\/\/cl.ge-sporttrade.de\/en\/sisu_1_6_aero_next_gen_mouthguard_lacrosse_osi-m16\/","og_site_name":"Captain-Lax - The European Lacrosse Shop","article_modified_time":"2026-04-01T19:10:06+00:00","og_image":[{"width":1250,"height":1250,"url":"https:\/\/cl.ge-sporttrade.de\/wp-content\/uploads\/2025\/03\/e29c08894ea75ea9f96027fe62d1f7cd1574d6e5_SS_AERO_S16_RB_1.jpg","type":"image\/jpeg"}],"twitter_card":"summary_large_image","twitter_misc":{"Est. reading time":"1 minute"},"schema":{"@context":"https:\/\/schema.org","@graph":[{"@type":"WebPage","@id":"https:\/\/cl.ge-sporttrade.de\/en\/sisu_1_6_aero_next_gen_mouthguard_lacrosse_osi-m16\/","url":"https:\/\/cl.ge-sporttrade.de\/en\/sisu_1_6_aero_next_gen_mouthguard_lacrosse_osi-m16\/","name":"SISU 1.6 AERO Next Gen Mouthguard Lacrosse - Captain-Lax - The European Lacrosse Shop","isPartOf":{"@id":"https:\/\/cl.ge-sporttrade.de\/#website"},"primaryImageOfPage":{"@id":"https:\/\/cl.ge-sporttrade.de\/en\/sisu_1_6_aero_next_gen_mouthguard_lacrosse_osi-m16\/#primaryimage"},"image":{"@id":"https:\/\/cl.ge-sporttrade.de\/en\/sisu_1_6_aero_next_gen_mouthguard_lacrosse_osi-m16\/#primaryimage"},"thumbnailUrl":"https:\/\/cl.ge-sporttrade.de\/wp-content\/uploads\/2025\/03\/e29c08894ea75ea9f96027fe62d1f7cd1574d6e5_SS_AERO_S16_RB_1.jpg","datePublished":"2023-03-11T00:00:00+00:00","dateModified":"2026-04-01T19:10:06+00:00","description":"SISU 1.6 AERO Next Gen Mouthguard Lacrosse - Der SISU Next Gen 1.6 AERO Mundschutz bietet neben seiner unvergleichlichen Qualit\u00e4t und Funktionalit\u00e4t einen noch h\u00f6heren Schutz...","breadcrumb":{"@id":"https:\/\/cl.ge-sporttrade.de\/en\/sisu_1_6_aero_next_gen_mouthguard_lacrosse_osi-m16\/#breadcrumb"},"inLanguage":"en-US","potentialAction":[{"@type":"ReadAction","target":["https:\/\/cl.ge-sporttrade.de\/en\/sisu_1_6_aero_next_gen_mouthguard_lacrosse_osi-m16\/"]}]},{"@type":"ImageObject","inLanguage":"en-US","@id":"https:\/\/cl.ge-sporttrade.de\/en\/sisu_1_6_aero_next_gen_mouthguard_lacrosse_osi-m16\/#primaryimage","url":"https:\/\/cl.ge-sporttrade.de\/wp-content\/uploads\/2025\/03\/e29c08894ea75ea9f96027fe62d1f7cd1574d6e5_SS_AERO_S16_RB_1.jpg","contentUrl":"https:\/\/cl.ge-sporttrade.de\/wp-content\/uploads\/2025\/03\/e29c08894ea75ea9f96027fe62d1f7cd1574d6e5_SS_AERO_S16_RB_1.jpg","width":1250,"height":1250},{"@type":"BreadcrumbList","@id":"https:\/\/cl.ge-sporttrade.de\/en\/sisu_1_6_aero_next_gen_mouthguard_lacrosse_osi-m16\/#breadcrumb","itemListElement":[{"@type":"ListItem","position":1,"name":"Homepage","item":"https:\/\/cl.ge-sporttrade.de\/en\/home-page\/"},{"@type":"ListItem","position":2,"name":"Shop","item":"https:\/\/cl.ge-sporttrade.de\/en\/shop\/"},{"@type":"ListItem","position":3,"name":"SISU 1.6 AERO Next Gen Mouthguard Lacrosse"}]},{"@type":"WebSite","@id":"https:\/\/cl.ge-sporttrade.de\/#website","url":"https:\/\/cl.ge-sporttrade.de\/","name":"Captain-Lax - The European Lacrosse Shop","description":"Warrior Lacrosse, Harrow, Brine, Bike - captain-lax.com","potentialAction":[{"@type":"SearchAction","target":{"@type":"EntryPoint","urlTemplate":"https:\/\/cl.ge-sporttrade.de\/?s={search_term_string}"},"query-input":{"@type":"PropertyValueSpecification","valueRequired":true,"valueName":"search_term_string"}}],"inLanguage":"en-US"}]}},"brands":[{"id":14960,"name":"Sisu","slug":"sisu"}],"_links":{"self":[{"href":"https:\/\/cl.ge-sporttrade.de\/en\/wp-json\/wp\/v2\/product\/80162","targetHints":{"allow":["GET"]}}],"collection":[{"href":"https:\/\/cl.ge-sporttrade.de\/en\/wp-json\/wp\/v2\/product"}],"about":[{"href":"https:\/\/cl.ge-sporttrade.de\/en\/wp-json\/wp\/v2\/types\/product"}],"wp:featuredmedia":[{"embeddable":true,"href":"https:\/\/cl.ge-sporttrade.de\/en\/wp-json\/wp\/v2\/media\/641863"}],"wp:attachment":[{"href":"https:\/\/cl.ge-sporttrade.de\/en\/wp-json\/wp\/v2\/media?parent=80162"}],"wp:term":[{"taxonomy":"pwb-brand","embeddable":true,"href":"https:\/\/cl.ge-sporttrade.de\/en\/wp-json\/wp\/v2\/pwb-brand?post=80162"},{"taxonomy":"product_brand","embeddable":true,"href":"https:\/\/cl.ge-sporttrade.de\/en\/wp-json\/wp\/v2\/product_brand?post=80162"},{"taxonomy":"product_cat","embeddable":true,"href":"https:\/\/cl.ge-sporttrade.de\/en\/wp-json\/wp\/v2\/product_cat?post=80162"},{"taxonomy":"product_tag","embeddable":true,"href":"https:\/\/cl.ge-sporttrade.de\/en\/wp-json\/wp\/v2\/product_tag?post=80162"}],"curies":[{"name":"wp","href":"https:\/\/api.w.org\/{rel}","templated":true}]}}